{"id":630,"date":"2015-10-23T11:59:27","date_gmt":"2015-10-23T09:59:27","guid":{"rendered":"http:\/\/s612164184.online.de\/hotelseeschau.de\/impressum-2\/"},"modified":"2022-09-06T18:35:23","modified_gmt":"2022-09-06T16:35:23","slug":"imprint","status":"publish","type":"page","link":"https:\/\/www.hotel-seeschau.de\/en\/imprint\/","title":{"rendered":"Imprint"},"content":{"rendered":"\n<style type=\"text\/css\" data-created_by=\"avia_inline_auto\" id=\"style-css-av-av_four_fifth-352b07ef7d3bc99b2e9f92e7a9e06bdb\">\n.flex_column.av-av_four_fifth-352b07ef7d3bc99b2e9f92e7a9e06bdb{\nborder-radius:0px 0px 0px 0px;\npadding:0px 0px 0px 0px;\n}\n<\/style>\n<div  class='flex_column av-av_four_fifth-352b07ef7d3bc99b2e9f92e7a9e06bdb av_four_fifth  avia-builder-el-0  avia-builder-el-no-sibling  first flex_column_div av-zero-column-padding  '     ><section  class='av_textblock_section av-av_textblock-0366cc7376be6c9e82a3e9cc8987b64f '   itemscope=\"itemscope\" itemtype=\"https:\/\/schema.org\/CreativeWork\" ><div class='avia_textblock'  itemprop=\"text\" ><h1><strong>Imprint<\/strong><\/h1>\n<p><strong>Hotel Villa Seeschau am Bodensee<\/strong><br \/>\nVon-Lassberg-Stra\u00dfe 12<br \/>\n88709 Meersburg<br \/>\nGermany<\/p>\n<p>Owner: Sabine Ertl-Schneider<\/p>\n<p>Phone +49 (0)7532 43449-0<br \/>\nFax +49 (0)7532 43449-9<br \/>\n<a href=\"mailto:rezeption@hotel-seeschau.de\">rezeption@hotel-seeschau.de<\/a><br \/>\n<a href=\"https:\/\/www.hotel-seeschau.de\/en\" target=\"_blank\" rel=\"noopener\">www.hotel-seeschau.de\/en<\/a><\/p>\n<p>S<b class=\"b3\">up<\/b><b class=\"b2\">erv<\/b><b class=\"b3\">iso<\/b><b class=\"b4\">ry <\/b><b class=\"b5\">authority<\/b>: Ordnungsamt Stadt Meersburg \/ Landratsamt Bodenseekreis<br \/>\n<strong>Tax number:<\/strong> DE 226601809<\/p>\n<p><strong>Dispute resolution<br \/>\n<\/strong>Platform of the EU Commission regarding online dispute resolution: <a href=\"http:\/\/ec.europa.eu\/consumers\/odr\" target=\"_blank\" rel=\"noopener\">http:\/\/ec.europa.eu\/consumers\/odr<\/a><br \/>\nWe are not legally obliged to participate in the dispute resolution before a dispute resolution body.<\/p>\n<hr \/>\n<p><strong>Imprint (supplier identification)<\/strong><br \/>\nThe information below includes the legally provided supplier identification (\u00a76 MDStV) as well as other important legal details.<\/p>\n<p><strong>Data protection details<\/strong><br \/>\nYour visit to our website is logged. The IP address currently used by your computer as well as the date, time and pages viewed by you are recorded. Generally speaking, it is not possible for us to link this data with a particular person. The data is only evaluated in an anonymized form for statistical purposes. In the case of the publicly accessible data, only the domain and the top-level domain are displayed for your IP address.<\/p>\n<p><strong>Legal details <\/strong><br \/>\nWe make every effort to ensure that the information presented on our website is correct and up-to-date. However, errors and lack of clarity cannot be completely ruled out. We therefore assume no liability for the up-to-date, correct, complete or quality nature of the information provided here. We shall not be held liable for any material or immaterial damage caused either directly or indirectly through the usage or non-usage of the information provided, either through the use of incorrect and incomplete information insofar as we are not proven to be guilty of any premeditated or grossly negligent behavior. We reserve the right to modify, supplement or delete parts of the web content or the content as a whole without any prior announcement to this effect or to discontinue the publication of this content either temporarily or permanently. As a content provider, in accordance with \u00a75 Para. 1 MDStV (German Media Services Act), we are responsible for our own content as provided by us for use in accordance with the general legislation. A distinction is to be made between our own content and links to content made available by other providers (\u00a75 Para. 2 MDStV). Such links are always to be regarded as \u2018live\u2019 (dynamic) references. The first time such links are included, the external content is verified to establish whether this could generate any accountability either under civil or criminal law. However, we are not obliged to continually verify the content of sites to which our website contains links and which could justify a reappraisal of our responsibility. All links are classed as links to \u2018third-party content\u2019 unless they are expressly and in context designated as internal links. Responsibility for \u2018third-party content\u2019 which is, for example, made available through direct or indirect links to other providers, is subject to knowledge of the illegal or punishable content, among other things. We have no influence whatsoever over \u2018third-party content\u2019 nor do we own the said content. We expressly distance ourselves from any such content that may be featured on the linked web pages belonging to third-party providers. Should we establish or be notified of the fact that a specific website to which we have linked could generate accountability under civil or criminal law, we shall remove the link to the website in question without delay. This shall likewise apply to all issues pertaining to copyright. Since \u2018third-party\u2019 texts and illustrations are only included on our web pages in the form of \u2018quotations\u2019 with a link to the originator, where known to us (or material that we have established as being not subject to copyright), we assume that we are permitted to use these texts and illustrations within the scope of copyright law. However, should an originator not agree to the use of such content or there is any doubt regarding the legal use of the texts and illustrations, please notify us accordingly. We shall then remove the texts and\/or illustrations subject to complaint from our websites without delay. The layout of the website, images and films, as well as all other content, is protected by copyright.<\/p>\n<hr \/>\n<p><strong>Concept\/Design\/Programming:<\/strong><br \/>\nBenner+Partner GmbH, Stuttgart<br \/>\n<a href=\"mailto:stuttgart@benner-partner.de\" target=\"_blank\" rel=\"noopener\">stuttgart@benner-partner.de<\/a><a href=\"http:\/\/hotel-sautter.de\/impressum\/www.agencyteam.de\"><br \/>\n<\/a><a href=\"http:\/\/www.benner-partner.de\" target=\"_blank\" rel=\"noopener\">www.benner-partner.de<\/a><\/p>\n<\/div><\/section><\/div>\n","protected":false},"excerpt":{"rendered":"","protected":false},"author":1,"featured_media":0,"parent":0,"menu_order":14,"comment_status":"closed","ping_status":"closed","template":"","meta":{"footnotes":""},"class_list":["post-630","page","type-page","status-publish","hentry"],"yoast_head":"<!-- This site is optimized with the Yoast SEO plugin v27.3 - https:\/\/yoast.com\/product\/yoast-seo-wordpress\/ -->\n<title>Imprint - Hotel Villa Seeschau \u2013 Meersburg am Bodensee<\/title>\n<meta name=\"robots\" content=\"index, follow, max-snippet:-1, max-image-preview:large, max-video-preview:-1\" \/>\n<link rel=\"canonical\" href=\"https:\/\/www.hotel-seeschau.de\/en\/imprint\/\" \/>\n<meta property=\"og:locale\" content=\"en_US\" \/>\n<meta property=\"og:type\" content=\"article\" \/>\n<meta property=\"og:title\" content=\"Imprint - Hotel Villa Seeschau \u2013 Meersburg am Bodensee\" \/>\n<meta property=\"og:url\" content=\"https:\/\/www.hotel-seeschau.de\/en\/imprint\/\" \/>\n<meta property=\"og:site_name\" content=\"Hotel Villa Seeschau \u2013 Meersburg am Bodensee\" \/>\n<meta property=\"article:modified_time\" content=\"2022-09-06T16:35:23+00:00\" \/>\n<meta property=\"og:image\" content=\"https:\/\/www.hotel-seeschau.de\/wp-content\/uploads\/2015\/10\/Bild-5.jpg\" \/>\n\t<meta property=\"og:image:width\" content=\"1000\" \/>\n\t<meta property=\"og:image:height\" content=\"667\" \/>\n\t<meta property=\"og:image:type\" content=\"image\/jpeg\" \/>\n<meta name=\"twitter:card\" content=\"summary_large_image\" \/>\n<meta name=\"twitter:label1\" content=\"Est. reading time\" \/>\n\t<meta name=\"twitter:data1\" content=\"5 minutes\" \/>\n<script type=\"application\/ld+json\" class=\"yoast-schema-graph\">{\"@context\":\"https:\\\/\\\/schema.org\",\"@graph\":[{\"@type\":\"WebPage\",\"@id\":\"https:\\\/\\\/www.hotel-seeschau.de\\\/en\\\/imprint\\\/\",\"url\":\"https:\\\/\\\/www.hotel-seeschau.de\\\/en\\\/imprint\\\/\",\"name\":\"Imprint - Hotel Villa Seeschau \u2013 Meersburg am Bodensee\",\"isPartOf\":{\"@id\":\"https:\\\/\\\/www.hotel-seeschau.de\\\/#website\"},\"datePublished\":\"2015-10-23T09:59:27+00:00\",\"dateModified\":\"2022-09-06T16:35:23+00:00\",\"breadcrumb\":{\"@id\":\"https:\\\/\\\/www.hotel-seeschau.de\\\/en\\\/imprint\\\/#breadcrumb\"},\"inLanguage\":\"en-US\",\"potentialAction\":[{\"@type\":\"ReadAction\",\"target\":[\"https:\\\/\\\/www.hotel-seeschau.de\\\/en\\\/imprint\\\/\"]}]},{\"@type\":\"BreadcrumbList\",\"@id\":\"https:\\\/\\\/www.hotel-seeschau.de\\\/en\\\/imprint\\\/#breadcrumb\",\"itemListElement\":[{\"@type\":\"ListItem\",\"position\":1,\"name\":\"Home\",\"item\":\"https:\\\/\\\/www.hotel-seeschau.de\\\/en\\\/\"},{\"@type\":\"ListItem\",\"position\":2,\"name\":\"Imprint\"}]},{\"@type\":\"WebSite\",\"@id\":\"https:\\\/\\\/www.hotel-seeschau.de\\\/#website\",\"url\":\"https:\\\/\\\/www.hotel-seeschau.de\\\/\",\"name\":\"Hotel Villa Seeschau \u2013 Meersburg am Bodensee\",\"description\":\"Diskret, luxuri\u00f6s, charmant und exklusiv. Mit majest\u00e4tischem Blick \u00fcber den Bodensee, verborgen in einer weitl\u00e4ufigen Parkanlage erf\u00fcllt das Hotel Villa Seeschau h\u00f6chste Anspr\u00fcche.\",\"potentialAction\":[{\"@type\":\"SearchAction\",\"target\":{\"@type\":\"EntryPoint\",\"urlTemplate\":\"https:\\\/\\\/www.hotel-seeschau.de\\\/?s={search_term_string}\"},\"query-input\":{\"@type\":\"PropertyValueSpecification\",\"valueRequired\":true,\"valueName\":\"search_term_string\"}}],\"inLanguage\":\"en-US\"}]}<\/script>\n<!-- \/ Yoast SEO plugin. -->","yoast_head_json":{"title":"Imprint - Hotel Villa Seeschau \u2013 Meersburg am Bodensee","robots":{"index":"index","follow":"follow","max-snippet":"max-snippet:-1","max-image-preview":"max-image-preview:large","max-video-preview":"max-video-preview:-1"},"canonical":"https:\/\/www.hotel-seeschau.de\/en\/imprint\/","og_locale":"en_US","og_type":"article","og_title":"Imprint - Hotel Villa Seeschau \u2013 Meersburg am Bodensee","og_url":"https:\/\/www.hotel-seeschau.de\/en\/imprint\/","og_site_name":"Hotel Villa Seeschau \u2013 Meersburg am Bodensee","article_modified_time":"2022-09-06T16:35:23+00:00","og_image":[{"width":1000,"height":667,"url":"https:\/\/www.hotel-seeschau.de\/wp-content\/uploads\/2015\/10\/Bild-5.jpg","type":"image\/jpeg"}],"twitter_card":"summary_large_image","twitter_misc":{"Est. reading time":"5 minutes"},"schema":{"@context":"https:\/\/schema.org","@graph":[{"@type":"WebPage","@id":"https:\/\/www.hotel-seeschau.de\/en\/imprint\/","url":"https:\/\/www.hotel-seeschau.de\/en\/imprint\/","name":"Imprint - Hotel Villa Seeschau \u2013 Meersburg am Bodensee","isPartOf":{"@id":"https:\/\/www.hotel-seeschau.de\/#website"},"datePublished":"2015-10-23T09:59:27+00:00","dateModified":"2022-09-06T16:35:23+00:00","breadcrumb":{"@id":"https:\/\/www.hotel-seeschau.de\/en\/imprint\/#breadcrumb"},"inLanguage":"en-US","potentialAction":[{"@type":"ReadAction","target":["https:\/\/www.hotel-seeschau.de\/en\/imprint\/"]}]},{"@type":"BreadcrumbList","@id":"https:\/\/www.hotel-seeschau.de\/en\/imprint\/#breadcrumb","itemListElement":[{"@type":"ListItem","position":1,"name":"Home","item":"https:\/\/www.hotel-seeschau.de\/en\/"},{"@type":"ListItem","position":2,"name":"Imprint"}]},{"@type":"WebSite","@id":"https:\/\/www.hotel-seeschau.de\/#website","url":"https:\/\/www.hotel-seeschau.de\/","name":"Hotel Villa Seeschau \u2013 Meersburg am Bodensee","description":"Diskret, luxuri\u00f6s, charmant und exklusiv. Mit majest\u00e4tischem Blick \u00fcber den Bodensee, verborgen in einer weitl\u00e4ufigen Parkanlage erf\u00fcllt das Hotel Villa Seeschau h\u00f6chste Anspr\u00fcche.","potentialAction":[{"@type":"SearchAction","target":{"@type":"EntryPoint","urlTemplate":"https:\/\/www.hotel-seeschau.de\/?s={search_term_string}"},"query-input":{"@type":"PropertyValueSpecification","valueRequired":true,"valueName":"search_term_string"}}],"inLanguage":"en-US"}]}},"_links":{"self":[{"href":"https:\/\/www.hotel-seeschau.de\/en\/wp-json\/wp\/v2\/pages\/630","targetHints":{"allow":["GET"]}}],"collection":[{"href":"https:\/\/www.hotel-seeschau.de\/en\/wp-json\/wp\/v2\/pages"}],"about":[{"href":"https:\/\/www.hotel-seeschau.de\/en\/wp-json\/wp\/v2\/types\/page"}],"author":[{"embeddable":true,"href":"https:\/\/www.hotel-seeschau.de\/en\/wp-json\/wp\/v2\/users\/1"}],"replies":[{"embeddable":true,"href":"https:\/\/www.hotel-seeschau.de\/en\/wp-json\/wp\/v2\/comments?post=630"}],"version-history":[{"count":7,"href":"https:\/\/www.hotel-seeschau.de\/en\/wp-json\/wp\/v2\/pages\/630\/revisions"}],"predecessor-version":[{"id":1538,"href":"https:\/\/www.hotel-seeschau.de\/en\/wp-json\/wp\/v2\/pages\/630\/revisions\/1538"}],"wp:attachment":[{"href":"https:\/\/www.hotel-seeschau.de\/en\/wp-json\/wp\/v2\/media?parent=630"}],"curies":[{"name":"wp","href":"https:\/\/api.w.org\/{rel}","templated":true}]}}