{"id":622,"date":"2015-10-13T15:02:53","date_gmt":"2015-10-13T13:02:53","guid":{"rendered":"http:\/\/s612164184.online.de\/hotelseeschau.de\/kontakt-2\/"},"modified":"2022-09-06T18:34:51","modified_gmt":"2022-09-06T16:34:51","slug":"contact","status":"publish","type":"page","link":"https:\/\/www.hotel-seeschau.de\/en\/contact\/","title":{"rendered":"Contact"},"content":{"rendered":"\n<style type=\"text\/css\" data-created_by=\"avia_inline_auto\" id=\"style-css-av-1z3xvy-c5b8f3cc6eeb8be5245b617feb817448\">\n.flex_column.av-1z3xvy-c5b8f3cc6eeb8be5245b617feb817448{\nborder-radius:0px 0px 0px 0px;\npadding:0px 0px 0px 0px;\n}\n<\/style>\n<div  class='flex_column av-1z3xvy-c5b8f3cc6eeb8be5245b617feb817448 av_one_full  avia-builder-el-0  el_before_av_one_full  avia-builder-el-first  first flex_column_div av-zero-column-padding  '     ><style type=\"text\/css\" data-created_by=\"avia_inline_auto\" id=\"style-css-av-1pjrge-9138af0bd2bbb6fc545c84b9f2bd864b\">\n.avia-image-container.av-1pjrge-9138af0bd2bbb6fc545c84b9f2bd864b img.avia_image{\nbox-shadow:none;\n}\n.avia-image-container.av-1pjrge-9138af0bd2bbb6fc545c84b9f2bd864b .av-image-caption-overlay-center{\ncolor:#ffffff;\n}\n<\/style>\n<div  class='avia-image-container av-1pjrge-9138af0bd2bbb6fc545c84b9f2bd864b av-styling- avia-align-center  avia-builder-el-1  avia-builder-el-no-sibling '   itemprop=\"image\" itemscope=\"itemscope\" itemtype=\"https:\/\/schema.org\/ImageObject\" ><div class=\"avia-image-container-inner\"><div class=\"avia-image-overlay-wrap\"><img decoding=\"async\" fetchpriority=\"high\" class='wp-image-706 avia-img-lazy-loading-not-706 avia_image ' src=\"https:\/\/www.hotel-seeschau.de\/wp-content\/uploads\/2015\/10\/sitzecke-1500x630.jpg\" alt='' title='sitzecke'  height=\"630\" width=\"1500\"  itemprop=\"thumbnailUrl\" srcset=\"https:\/\/www.hotel-seeschau.de\/wp-content\/uploads\/2015\/10\/sitzecke-1500x630.jpg 1500w, https:\/\/www.hotel-seeschau.de\/wp-content\/uploads\/2015\/10\/sitzecke-300x125.jpg 300w, https:\/\/www.hotel-seeschau.de\/wp-content\/uploads\/2015\/10\/sitzecke-450x188.jpg 450w\" sizes=\"(max-width: 1500px) 100vw, 1500px\" \/><\/div><\/div><\/div><\/div>\n\n<style type=\"text\/css\" data-created_by=\"avia_inline_auto\" id=\"style-css-av-1iy5fy-5743c280c973e4c314a1829c2c7a06c8\">\n.flex_column.av-1iy5fy-5743c280c973e4c314a1829c2c7a06c8{\nborder-radius:0px 0px 0px 0px;\npadding:0px 0px 0px 0px;\n}\n<\/style>\n<div  class='flex_column av-1iy5fy-5743c280c973e4c314a1829c2c7a06c8 av_one_full  avia-builder-el-2  el_after_av_one_full  el_before_av_one_third  first flex_column_div av-zero-column-padding  column-top-margin'     ><section  class='av_textblock_section av-1cp8zq-a6d52ea0dc99de7da6adc63ea95db28c '   itemscope=\"itemscope\" itemtype=\"https:\/\/schema.org\/CreativeWork\" ><div class='avia_textblock'  itemprop=\"text\" ><h1 style=\"text-align: center;\">Contact<\/h1>\n<\/div><\/section><br \/>\n\n<style type=\"text\/css\" data-created_by=\"avia_inline_auto\" id=\"style-css-av-1ap7mm-9da0b35fd30aca8b983a4ad9328f0cea\">\n#top .hr.av-1ap7mm-9da0b35fd30aca8b983a4ad9328f0cea{\nmargin-top:0px;\nmargin-bottom:15px;\n}\n.hr.av-1ap7mm-9da0b35fd30aca8b983a4ad9328f0cea .hr-inner{\nwidth:128px;\nborder-color:#86c2eb;\n}\n<\/style>\n<div  class='hr av-1ap7mm-9da0b35fd30aca8b983a4ad9328f0cea hr-custom  avia-builder-el-4  el_after_av_textblock  avia-builder-el-last  hr-center hr-icon-no'><span class='hr-inner inner-border-av-border-fat'><span class=\"hr-inner-style\"><\/span><\/span><\/div><\/p><\/div>\n\n<style type=\"text\/css\" data-created_by=\"avia_inline_auto\" id=\"style-css-av-157jvy-fbb59ccc42d98b092f55550d5bf24de8\">\n.flex_column.av-157jvy-fbb59ccc42d98b092f55550d5bf24de8{\nborder-radius:0px 0px 0px 0px;\npadding:0px 0px 0px 0px;\n}\n<\/style>\n<div  class='flex_column av-157jvy-fbb59ccc42d98b092f55550d5bf24de8 av_one_third  avia-builder-el-5  el_after_av_one_full  el_before_av_two_third  first flex_column_div av-zero-column-padding  column-top-margin'     ><p><section  class='av_textblock_section av-z9in2-7017ab23d534632fbed32e60f865f9d4 '   itemscope=\"itemscope\" itemtype=\"https:\/\/schema.org\/CreativeWork\" ><div class='avia_textblock'  itemprop=\"text\" ><p>Do you have any further questions about the hotel and require more detailed information? Simply get in touch.<\/p>\n<p><strong>Hotel Villa Seeschau am Bodensee<\/strong><\/p>\n<p>Von-Lassberg-Str. 12<br \/>\n88709\u00a0Meersburg<\/p>\n<p>Tel. +49 75 32 \u2013 43 44 90<br \/>\nFax +49 75 32 \u2013 43 44 99<\/p>\n<p><a href=\"https:\/\/www.hotel-seeschau.de\/rezeption@hotel-seeschau.de\">rezeption@hotel-seeschau.de<\/a><\/p>\n<\/div><\/section><br \/>\n<div  class='avia-button-wrap av-92rli-6e50a484a2c31acadc7a0009f1ee4ecf-wrap avia-button-center  avia-builder-el-7  el_after_av_textblock  avia-builder-el-last '><a href='https:\/\/www.google.de\/maps\/place\/Hotel+Villa+Seeschau+am+Bodensee\/@47.6968857,9.2708085,17z\/data=!3m1!4b1!4m2!3m1!1s0x479af87a97bd5803:0xc9d78ef78430b4a6'  class='avia-button av-92rli-6e50a484a2c31acadc7a0009f1ee4ecf av-link-btn avia-icon_select-no avia-size-small avia-position-center avia-color-theme-color'  target=\"_blank\"  rel=\"noopener noreferrer\"  aria-label=\"Calculate route\"><span class='avia_iconbox_title' >Calculate route<\/span><\/a><\/div><\/p><\/div>\n\n<style type=\"text\/css\" data-created_by=\"avia_inline_auto\" id=\"style-css-av-q6qr2-724fae0ae5e7104d1ae7fb2c64d01112\">\n.flex_column.av-q6qr2-724fae0ae5e7104d1ae7fb2c64d01112{\nborder-radius:0px 0px 0px 0px;\npadding:0px 0px 0px 0px;\n}\n<\/style>\n<div  class='flex_column av-q6qr2-724fae0ae5e7104d1ae7fb2c64d01112 av_two_third  avia-builder-el-8  el_after_av_one_third  avia-builder-el-last  flex_column_div av-zero-column-padding  column-top-margin'     ><section  class='av_textblock_section av-nohiu-a118d471b5781eb11e65447c5c1a78cb '   itemscope=\"itemscope\" itemtype=\"https:\/\/schema.org\/CreativeWork\" ><div class='avia_textblock'  itemprop=\"text\" ><script type=\"text\/javascript\">\n\/* <![CDATA[ *\/\nvar gform;gform||(document.addEventListener(\"gform_main_scripts_loaded\",function(){gform.scriptsLoaded=!0}),document.addEventListener(\"gform\/theme\/scripts_loaded\",function(){gform.themeScriptsLoaded=!0}),window.addEventListener(\"DOMContentLoaded\",function(){gform.domLoaded=!0}),gform={domLoaded:!1,scriptsLoaded:!1,themeScriptsLoaded:!1,isFormEditor:()=>\"function\"==typeof InitializeEditor,callIfLoaded:function(o){return!(!gform.domLoaded||!gform.scriptsLoaded||!gform.themeScriptsLoaded&&!gform.isFormEditor()||(gform.isFormEditor()&&console.warn(\"The use of gform.initializeOnLoaded() is deprecated in the form editor context and will be removed in Gravity Forms 3.1.\"),o(),0))},initializeOnLoaded:function(o){gform.callIfLoaded(o)||(document.addEventListener(\"gform_main_scripts_loaded\",()=>{gform.scriptsLoaded=!0,gform.callIfLoaded(o)}),document.addEventListener(\"gform\/theme\/scripts_loaded\",()=>{gform.themeScriptsLoaded=!0,gform.callIfLoaded(o)}),window.addEventListener(\"DOMContentLoaded\",()=>{gform.domLoaded=!0,gform.callIfLoaded(o)}))},hooks:{action:{},filter:{}},addAction:function(o,r,e,t){gform.addHook(\"action\",o,r,e,t)},addFilter:function(o,r,e,t){gform.addHook(\"filter\",o,r,e,t)},doAction:function(o){gform.doHook(\"action\",o,arguments)},applyFilters:function(o){return gform.doHook(\"filter\",o,arguments)},removeAction:function(o,r){gform.removeHook(\"action\",o,r)},removeFilter:function(o,r,e){gform.removeHook(\"filter\",o,r,e)},addHook:function(o,r,e,t,n){null==gform.hooks[o][r]&&(gform.hooks[o][r]=[]);var d=gform.hooks[o][r];null==n&&(n=r+\"_\"+d.length),gform.hooks[o][r].push({tag:n,callable:e,priority:t=null==t?10:t})},doHook:function(r,o,e){var t;if(e=Array.prototype.slice.call(e,1),null!=gform.hooks[r][o]&&((o=gform.hooks[r][o]).sort(function(o,r){return o.priority-r.priority}),o.forEach(function(o){\"function\"!=typeof(t=o.callable)&&(t=window[t]),\"action\"==r?t.apply(null,e):e[0]=t.apply(null,e)})),\"filter\"==r)return e[0]},removeHook:function(o,r,t,n){var e;null!=gform.hooks[o][r]&&(e=(e=gform.hooks[o][r]).filter(function(o,r,e){return!!(null!=n&&n!=o.tag||null!=t&&t!=o.priority)}),gform.hooks[o][r]=e)}});\n\/* ]]> *\/\n<\/script>\n\n                <div class='gf_browser_gecko gform_wrapper gravity-theme gform-theme--no-framework' data-form-theme='gravity-theme' data-form-index='0' id='gform_wrapper_2' >\n                        <div class='gform_heading'>\n                            <h2 class=\"gform_title\">Kontakt en<\/h2>\n                            <p class='gform_description'><\/p>\n\t\t\t\t\t\t\t<p class='gform_required_legend'>&quot;<span class=\"gfield_required gfield_required_asterisk\">*<\/span>&quot; indicates required fields<\/p>\n                        <\/div><form method='post' enctype='multipart\/form-data'  id='gform_2'  action='\/en\/wp-json\/wp\/v2\/pages\/622' data-formid='2' novalidate> \r\n <input type='hidden' class='gforms-pum' value='{\"closepopup\":false,\"closedelay\":0,\"openpopup\":false,\"openpopup_id\":0}' \/>\n                        <div class='gform-body gform_body'><div id='gform_fields_2' class='gform_fields top_label form_sublabel_below description_below validation_below'><div id=\"field_2_7\" class=\"gfield gfield--type-honeypot gform_validation_container field_sublabel_below gfield--has-description field_description_below field_validation_below gfield_visibility_visible\"  ><label class='gfield_label gform-field-label' for='input_2_7'>URL<\/label><div class='ginput_container'><input name='input_7' id='input_2_7' type='text' value='' autocomplete='new-password'\/><\/div><div class='gfield_description' id='gfield_description_2_7'>This field is for validation purposes and should be left unchanged.<\/div><\/div><fieldset id=\"field_2_1\" class=\"gfield gfield--type-name gfield_contains_required field_sublabel_below gfield--no-description field_description_below field_validation_below gfield_visibility_visible\"  ><legend class='gfield_label gform-field-label gfield_label_before_complex' >Name<span class=\"gfield_required\"><span class=\"gfield_required gfield_required_asterisk\">*<\/span><\/span><\/legend><div class='ginput_complex ginput_container ginput_container--name no_prefix has_first_name no_middle_name has_last_name no_suffix gf_name_has_2 ginput_container_name gform-grid-row' id='input_2_1'>\n                            \n                            <span id='input_2_1_3_container' class='name_first gform-grid-col gform-grid-col--size-auto' >\n                                                    <input type='text' name='input_1.3' id='input_2_1_3' value=''   aria-required='true'     \/>\n                                                    <label for='input_2_1_3' class='gform-field-label gform-field-label--type-sub '>First name<\/label>\n                                                <\/span>\n                            \n                            <span id='input_2_1_6_container' class='name_last gform-grid-col gform-grid-col--size-auto' >\n                                                    <input type='text' name='input_1.6' id='input_2_1_6' value=''   aria-required='true'     \/>\n                                                    <label for='input_2_1_6' class='gform-field-label gform-field-label--type-sub '>Surname<\/label>\n                                                <\/span>\n                            \n                        <\/div><\/fieldset><div id=\"field_2_6\" class=\"gfield gfield--type-email gfield_contains_required field_sublabel_below gfield--no-description field_description_below field_validation_below gfield_visibility_visible\"  ><label class='gfield_label gform-field-label' for='input_2_6'>E-Mail<span class=\"gfield_required\"><span class=\"gfield_required gfield_required_asterisk\">*<\/span><\/span><\/label><div class='ginput_container ginput_container_email'>\n                            <input name='input_6' id='input_2_6' type='email' value='' class='medium'    aria-required=\"true\" aria-invalid=\"false\"  \/>\n                        <\/div><\/div><div id=\"field_2_3\" class=\"gfield gfield--type-text gfield_contains_required field_sublabel_below gfield--no-description field_description_below field_validation_below gfield_visibility_visible\"  ><label class='gfield_label gform-field-label' for='input_2_3'>Subject<span class=\"gfield_required\"><span class=\"gfield_required gfield_required_asterisk\">*<\/span><\/span><\/label><div class='ginput_container ginput_container_text'><input name='input_3' id='input_2_3' type='text' value='' class='medium'     aria-required=\"true\" aria-invalid=\"false\"   \/><\/div><\/div><div id=\"field_2_4\" class=\"gfield gfield--type-textarea gfield_contains_required field_sublabel_below gfield--no-description field_description_below field_validation_below gfield_visibility_visible\"  ><label class='gfield_label gform-field-label' for='input_2_4'>Message<span class=\"gfield_required\"><span class=\"gfield_required gfield_required_asterisk\">*<\/span><\/span><\/label><div class='ginput_container ginput_container_textarea'><textarea name='input_4' id='input_2_4' class='textarea medium'     aria-required=\"true\" aria-invalid=\"false\"   rows='10' cols='50'><\/textarea><\/div><\/div><\/div><\/div>\n        <div class='gform-footer gform_footer top_label'> <input type='submit' id='gform_submit_button_2' class='gform_button button' onclick='gform.submission.handleButtonClick(this);' data-submission-type='submit' value='Send'  \/> <input type='hidden' class='gform_hidden' name='gform_submission_speeds' value='{&quot;pages&quot;:[]}' \/>\n            <input type='hidden' class='gform_hidden' name='gform_submission_method' data-js='gform_submission_method_2' value='postback' \/>\n            <input type='hidden' class='gform_hidden' name='gform_theme' data-js='gform_theme_2' id='gform_theme_2' value='gravity-theme' \/>\n            <input type='hidden' class='gform_hidden' name='gform_style_settings' data-js='gform_style_settings_2' id='gform_style_settings_2' value='[]' \/>\n            <input type='hidden' class='gform_hidden' name='is_submit_2' value='1' \/>\n            <input type='hidden' class='gform_hidden' name='gform_submit' value='2' \/>\n            \n            <input type='hidden' class='gform_hidden' name='gform_currency' data-currency='EUR' value='3fDF4cPJcUd7MagOhpR+RX7coH1X8ALGT3\/wj4ZWQbXERO3UPJzz1G9r\/KCEB4W0vR\/RIn4V+UN3n9WIICiSMW86n91IQkfZccap2lljw2ZBpQg=' \/>\n            <input type='hidden' class='gform_hidden' name='gform_unique_id' value='' \/>\n            <input type='hidden' class='gform_hidden' name='state_2' value='WyJbXSIsIjQ4MGJiZDcwYWY3Y2RjZjE1MmRjMDNmZmQ3ZGFiY2M2Il0=' \/>\n            <input type='hidden' autocomplete='off' class='gform_hidden' name='gform_target_page_number_2' id='gform_target_page_number_2' value='0' \/>\n            <input type='hidden' autocomplete='off' class='gform_hidden' name='gform_source_page_number_2' id='gform_source_page_number_2' value='1' \/>\n            <input type='hidden' name='gform_field_values' value='' \/>\n            \n        <\/div>\n                        <\/form>\n                        <\/div><script type=\"text\/javascript\">\n\/* <![CDATA[ *\/\n gform.initializeOnLoaded( function() {gformInitSpinner( 2, 'https:\/\/www.hotel-seeschau.de\/wp-content\/plugins\/gravityforms\/images\/spinner.svg', true );jQuery('#gform_ajax_frame_2').on('load',function(){var contents = jQuery(this).contents().find('*').html();var is_postback = contents.indexOf('GF_AJAX_POSTBACK') >= 0;if(!is_postback){return;}var form_content = jQuery(this).contents().find('#gform_wrapper_2');var is_confirmation = jQuery(this).contents().find('#gform_confirmation_wrapper_2').length > 0;var is_redirect = contents.indexOf('gformRedirect(){') >= 0;var is_form = form_content.length > 0 && ! is_redirect && ! is_confirmation;var mt = parseInt(jQuery('html').css('margin-top'), 10) + parseInt(jQuery('body').css('margin-top'), 10) + 100;if(is_form){jQuery('#gform_wrapper_2').html(form_content.html());if(form_content.hasClass('gform_validation_error')){jQuery('#gform_wrapper_2').addClass('gform_validation_error');} else {jQuery('#gform_wrapper_2').removeClass('gform_validation_error');}setTimeout( function() { \/* delay the scroll by 50 milliseconds to fix a bug in chrome *\/  }, 50 );if(window['gformInitDatepicker']) {gformInitDatepicker();}if(window['gformInitPriceFields']) {gformInitPriceFields();}var current_page = jQuery('#gform_source_page_number_2').val();gformInitSpinner( 2, 'https:\/\/www.hotel-seeschau.de\/wp-content\/plugins\/gravityforms\/images\/spinner.svg', true );jQuery(document).trigger('gform_page_loaded', [2, current_page]);window['gf_submitting_2'] = false;}else if(!is_redirect){var confirmation_content = jQuery(this).contents().find('.GF_AJAX_POSTBACK').html();if(!confirmation_content){confirmation_content = contents;}jQuery('#gform_wrapper_2').replaceWith(confirmation_content);jQuery(document).trigger('gform_confirmation_loaded', [2]);window['gf_submitting_2'] = false;wp.a11y.speak(jQuery('#gform_confirmation_message_2').text());}else{jQuery('#gform_2').append(contents);if(window['gformRedirect']) {gformRedirect();}}jQuery(document).trigger(\"gform_pre_post_render\", [{ formId: \"2\", currentPage: \"current_page\", abort: function() { this.preventDefault(); } }]);        if (event && event.defaultPrevented) {                return;        }        const gformWrapperDiv = document.getElementById( \"gform_wrapper_2\" );        if ( gformWrapperDiv ) {            const visibilitySpan = document.createElement( \"span\" );            visibilitySpan.id = \"gform_visibility_test_2\";            gformWrapperDiv.insertAdjacentElement( \"afterend\", visibilitySpan );        }        const visibilityTestDiv = document.getElementById( \"gform_visibility_test_2\" );        let postRenderFired = false;        function triggerPostRender() {            if ( postRenderFired ) {                return;            }            postRenderFired = true;            gform.core.triggerPostRenderEvents( 2, current_page );            if ( visibilityTestDiv ) {                visibilityTestDiv.parentNode.removeChild( visibilityTestDiv );            }        }        function debounce( func, wait, immediate ) {            var timeout;            return function() {                var context = this, args = arguments;                var later = function() {                    timeout = null;                    if ( !immediate ) func.apply( context, args );                };                var callNow = immediate && !timeout;                clearTimeout( timeout );                timeout = setTimeout( later, wait );                if ( callNow ) func.apply( context, args );            };        }        const debouncedTriggerPostRender = debounce( function() {            triggerPostRender();        }, 200 );        if ( visibilityTestDiv && visibilityTestDiv.offsetParent === null ) {            const observer = new MutationObserver( ( mutations ) => {                mutations.forEach( ( mutation ) => {                    if ( mutation.type === 'attributes' && visibilityTestDiv.offsetParent !== null ) {                        debouncedTriggerPostRender();                        observer.disconnect();                    }                });            });            observer.observe( document.body, {                attributes: true,                childList: false,                subtree: true,                attributeFilter: [ 'style', 'class' ],            });        } else {            triggerPostRender();        }    } );} ); \n\/* ]]> *\/\n<\/script>\n\n<\/div><\/section><\/div>\n","protected":false},"excerpt":{"rendered":"","protected":false},"author":1,"featured_media":0,"parent":0,"menu_order":12,"comment_status":"closed","ping_status":"closed","template":"","meta":{"footnotes":""},"class_list":["post-622","page","type-page","status-publish","hentry"],"yoast_head":"<!-- This site is optimized with the Yoast SEO plugin v27.3 - https:\/\/yoast.com\/product\/yoast-seo-wordpress\/ -->\n<title>Contact - Hotel Villa Seeschau \u2013 Meersburg am Bodensee<\/title>\n<meta name=\"robots\" content=\"index, follow, max-snippet:-1, max-image-preview:large, max-video-preview:-1\" \/>\n<link rel=\"canonical\" href=\"https:\/\/www.hotel-seeschau.de\/en\/contact\/\" \/>\n<meta property=\"og:locale\" content=\"en_US\" \/>\n<meta property=\"og:type\" content=\"article\" \/>\n<meta property=\"og:title\" content=\"Contact - Hotel Villa Seeschau \u2013 Meersburg am Bodensee\" \/>\n<meta property=\"og:url\" content=\"https:\/\/www.hotel-seeschau.de\/en\/contact\/\" \/>\n<meta property=\"og:site_name\" content=\"Hotel Villa Seeschau \u2013 Meersburg am Bodensee\" \/>\n<meta property=\"article:modified_time\" content=\"2022-09-06T16:34:51+00:00\" \/>\n<meta property=\"og:image\" content=\"https:\/\/www.hotel-seeschau.de\/wp-content\/uploads\/2015\/10\/Bild-5.jpg\" \/>\n\t<meta property=\"og:image:width\" content=\"1000\" \/>\n\t<meta property=\"og:image:height\" content=\"667\" \/>\n\t<meta property=\"og:image:type\" content=\"image\/jpeg\" \/>\n<meta name=\"twitter:card\" content=\"summary_large_image\" \/>\n<meta name=\"twitter:label1\" content=\"Est. reading time\" \/>\n\t<meta name=\"twitter:data1\" content=\"2 minutes\" \/>\n<script type=\"application\/ld+json\" class=\"yoast-schema-graph\">{\"@context\":\"https:\\\/\\\/schema.org\",\"@graph\":[{\"@type\":\"WebPage\",\"@id\":\"https:\\\/\\\/www.hotel-seeschau.de\\\/en\\\/contact\\\/\",\"url\":\"https:\\\/\\\/www.hotel-seeschau.de\\\/en\\\/contact\\\/\",\"name\":\"Contact - Hotel Villa Seeschau \u2013 Meersburg am Bodensee\",\"isPartOf\":{\"@id\":\"https:\\\/\\\/www.hotel-seeschau.de\\\/#website\"},\"datePublished\":\"2015-10-13T13:02:53+00:00\",\"dateModified\":\"2022-09-06T16:34:51+00:00\",\"breadcrumb\":{\"@id\":\"https:\\\/\\\/www.hotel-seeschau.de\\\/en\\\/contact\\\/#breadcrumb\"},\"inLanguage\":\"en-US\",\"potentialAction\":[{\"@type\":\"ReadAction\",\"target\":[\"https:\\\/\\\/www.hotel-seeschau.de\\\/en\\\/contact\\\/\"]}]},{\"@type\":\"BreadcrumbList\",\"@id\":\"https:\\\/\\\/www.hotel-seeschau.de\\\/en\\\/contact\\\/#breadcrumb\",\"itemListElement\":[{\"@type\":\"ListItem\",\"position\":1,\"name\":\"Home\",\"item\":\"https:\\\/\\\/www.hotel-seeschau.de\\\/en\\\/\"},{\"@type\":\"ListItem\",\"position\":2,\"name\":\"Contact\"}]},{\"@type\":\"WebSite\",\"@id\":\"https:\\\/\\\/www.hotel-seeschau.de\\\/#website\",\"url\":\"https:\\\/\\\/www.hotel-seeschau.de\\\/\",\"name\":\"Hotel Villa Seeschau \u2013 Meersburg am Bodensee\",\"description\":\"Diskret, luxuri\u00f6s, charmant und exklusiv. Mit majest\u00e4tischem Blick \u00fcber den Bodensee, verborgen in einer weitl\u00e4ufigen Parkanlage erf\u00fcllt das Hotel Villa Seeschau h\u00f6chste Anspr\u00fcche.\",\"potentialAction\":[{\"@type\":\"SearchAction\",\"target\":{\"@type\":\"EntryPoint\",\"urlTemplate\":\"https:\\\/\\\/www.hotel-seeschau.de\\\/?s={search_term_string}\"},\"query-input\":{\"@type\":\"PropertyValueSpecification\",\"valueRequired\":true,\"valueName\":\"search_term_string\"}}],\"inLanguage\":\"en-US\"}]}<\/script>\n<!-- \/ Yoast SEO plugin. -->","yoast_head_json":{"title":"Contact - Hotel Villa Seeschau \u2013 Meersburg am Bodensee","robots":{"index":"index","follow":"follow","max-snippet":"max-snippet:-1","max-image-preview":"max-image-preview:large","max-video-preview":"max-video-preview:-1"},"canonical":"https:\/\/www.hotel-seeschau.de\/en\/contact\/","og_locale":"en_US","og_type":"article","og_title":"Contact - Hotel Villa Seeschau \u2013 Meersburg am Bodensee","og_url":"https:\/\/www.hotel-seeschau.de\/en\/contact\/","og_site_name":"Hotel Villa Seeschau \u2013 Meersburg am Bodensee","article_modified_time":"2022-09-06T16:34:51+00:00","og_image":[{"width":1000,"height":667,"url":"https:\/\/www.hotel-seeschau.de\/wp-content\/uploads\/2015\/10\/Bild-5.jpg","type":"image\/jpeg"}],"twitter_card":"summary_large_image","twitter_misc":{"Est. reading time":"2 minutes"},"schema":{"@context":"https:\/\/schema.org","@graph":[{"@type":"WebPage","@id":"https:\/\/www.hotel-seeschau.de\/en\/contact\/","url":"https:\/\/www.hotel-seeschau.de\/en\/contact\/","name":"Contact - Hotel Villa Seeschau \u2013 Meersburg am Bodensee","isPartOf":{"@id":"https:\/\/www.hotel-seeschau.de\/#website"},"datePublished":"2015-10-13T13:02:53+00:00","dateModified":"2022-09-06T16:34:51+00:00","breadcrumb":{"@id":"https:\/\/www.hotel-seeschau.de\/en\/contact\/#breadcrumb"},"inLanguage":"en-US","potentialAction":[{"@type":"ReadAction","target":["https:\/\/www.hotel-seeschau.de\/en\/contact\/"]}]},{"@type":"BreadcrumbList","@id":"https:\/\/www.hotel-seeschau.de\/en\/contact\/#breadcrumb","itemListElement":[{"@type":"ListItem","position":1,"name":"Home","item":"https:\/\/www.hotel-seeschau.de\/en\/"},{"@type":"ListItem","position":2,"name":"Contact"}]},{"@type":"WebSite","@id":"https:\/\/www.hotel-seeschau.de\/#website","url":"https:\/\/www.hotel-seeschau.de\/","name":"Hotel Villa Seeschau \u2013 Meersburg am Bodensee","description":"Diskret, luxuri\u00f6s, charmant und exklusiv. Mit majest\u00e4tischem Blick \u00fcber den Bodensee, verborgen in einer weitl\u00e4ufigen Parkanlage erf\u00fcllt das Hotel Villa Seeschau h\u00f6chste Anspr\u00fcche.","potentialAction":[{"@type":"SearchAction","target":{"@type":"EntryPoint","urlTemplate":"https:\/\/www.hotel-seeschau.de\/?s={search_term_string}"},"query-input":{"@type":"PropertyValueSpecification","valueRequired":true,"valueName":"search_term_string"}}],"inLanguage":"en-US"}]}},"_links":{"self":[{"href":"https:\/\/www.hotel-seeschau.de\/en\/wp-json\/wp\/v2\/pages\/622","targetHints":{"allow":["GET"]}}],"collection":[{"href":"https:\/\/www.hotel-seeschau.de\/en\/wp-json\/wp\/v2\/pages"}],"about":[{"href":"https:\/\/www.hotel-seeschau.de\/en\/wp-json\/wp\/v2\/types\/page"}],"author":[{"embeddable":true,"href":"https:\/\/www.hotel-seeschau.de\/en\/wp-json\/wp\/v2\/users\/1"}],"replies":[{"embeddable":true,"href":"https:\/\/www.hotel-seeschau.de\/en\/wp-json\/wp\/v2\/comments?post=622"}],"version-history":[{"count":10,"href":"https:\/\/www.hotel-seeschau.de\/en\/wp-json\/wp\/v2\/pages\/622\/revisions"}],"predecessor-version":[{"id":1533,"href":"https:\/\/www.hotel-seeschau.de\/en\/wp-json\/wp\/v2\/pages\/622\/revisions\/1533"}],"wp:attachment":[{"href":"https:\/\/www.hotel-seeschau.de\/en\/wp-json\/wp\/v2\/media?parent=622"}],"curies":[{"name":"wp","href":"https:\/\/api.w.org\/{rel}","templated":true}]}}