{"id":618,"date":"2015-10-13T15:02:22","date_gmt":"2015-10-13T13:02:22","guid":{"rendered":"http:\/\/s612164184.online.de\/hotelseeschau.de\/massagen-2\/"},"modified":"2022-09-06T18:34:19","modified_gmt":"2022-09-06T16:34:19","slug":"wellness","status":"publish","type":"page","link":"https:\/\/www.hotel-seeschau.de\/en\/wellness\/","title":{"rendered":"Wellness"},"content":{"rendered":"\n<style type=\"text\/css\" data-created_by=\"avia_inline_auto\" id=\"style-css-av-34zpz6-e0c59a77fc1669bb1aa68ffe392aa764\">\n.flex_column.av-34zpz6-e0c59a77fc1669bb1aa68ffe392aa764{\nborder-radius:0px 0px 0px 0px;\npadding:0px 0px 0px 0px;\n}\n<\/style>\n<div  class='flex_column av-34zpz6-e0c59a77fc1669bb1aa68ffe392aa764 av_one_full  avia-builder-el-0  el_before_av_one_full  avia-builder-el-first  first flex_column_div av-zero-column-padding  '     ><style type=\"text\/css\" data-created_by=\"avia_inline_auto\" id=\"style-css-av-2xl72i-ac20ad8e4161d3f147df1fd6fde8ea66\">\n.avia-image-container.av-2xl72i-ac20ad8e4161d3f147df1fd6fde8ea66 img.avia_image{\nbox-shadow:none;\n}\n.avia-image-container.av-2xl72i-ac20ad8e4161d3f147df1fd6fde8ea66 .av-image-caption-overlay-center{\ncolor:#ffffff;\n}\n<\/style>\n<div  class='avia-image-container av-2xl72i-ac20ad8e4161d3f147df1fd6fde8ea66 av-styling- avia-align-center  avia-builder-el-1  avia-builder-el-no-sibling '   itemprop=\"image\" itemscope=\"itemscope\" itemtype=\"https:\/\/schema.org\/ImageObject\" ><div class=\"avia-image-container-inner\"><div class=\"avia-image-overlay-wrap\"><img decoding=\"async\" fetchpriority=\"high\" class='wp-image-619 avia-img-lazy-loading-not-619 avia_image ' src=\"https:\/\/www.hotel-seeschau.de\/wp-content\/uploads\/2015\/10\/pool-1500x630.jpg\" alt='' title='pool'  height=\"630\" width=\"1500\"  itemprop=\"thumbnailUrl\" srcset=\"https:\/\/www.hotel-seeschau.de\/wp-content\/uploads\/2015\/10\/pool-1500x630.jpg 1500w, https:\/\/www.hotel-seeschau.de\/wp-content\/uploads\/2015\/10\/pool-300x125.jpg 300w, https:\/\/www.hotel-seeschau.de\/wp-content\/uploads\/2015\/10\/pool-450x188.jpg 450w\" sizes=\"(max-width: 1500px) 100vw, 1500px\" \/><\/div><\/div><\/div><\/div>\n\n<style type=\"text\/css\" data-created_by=\"avia_inline_auto\" id=\"style-css-av-2sllsi-8324c357c315a6d24df69c6ddef51e24\">\n.flex_column.av-2sllsi-8324c357c315a6d24df69c6ddef51e24{\nborder-radius:0px 0px 0px 0px;\npadding:0px 0px 0px 0px;\n}\n<\/style>\n<div  class='flex_column av-2sllsi-8324c357c315a6d24df69c6ddef51e24 av_one_full  avia-builder-el-2  el_after_av_one_full  el_before_av_three_fifth  first flex_column_div av-zero-column-padding  column-top-margin'     ><section  class='av_textblock_section av-2i62i2-447d111b36c2b549782336c98224218f '   itemscope=\"itemscope\" itemtype=\"https:\/\/schema.org\/CreativeWork\" ><div class='avia_textblock'  itemprop=\"text\" ><h1 style=\"text-align: center;\"><strong>Wellness Treatments<br \/>\n<\/strong><\/h1>\n<h1 style=\"text-align: center;\"><strong>\u00a0<\/strong><\/h1>\n<\/div><\/section><br \/>\n\n<style type=\"text\/css\" data-created_by=\"avia_inline_auto\" id=\"style-css-av-2du52q-9a6519cc8aeedfe269140a39fb7d223f\">\n#top .hr.av-2du52q-9a6519cc8aeedfe269140a39fb7d223f{\nmargin-top:0px;\nmargin-bottom:15px;\n}\n.hr.av-2du52q-9a6519cc8aeedfe269140a39fb7d223f .hr-inner{\nwidth:400px;\nborder-color:#86c2eb;\n}\n<\/style>\n<div  class='hr av-2du52q-9a6519cc8aeedfe269140a39fb7d223f hr-custom  avia-builder-el-4  el_after_av_textblock  avia-builder-el-last  hr-center hr-icon-no'><span class='hr-inner inner-border-av-border-fat'><span class=\"hr-inner-style\"><\/span><\/span><\/div><\/p><\/div>\n\n<style type=\"text\/css\" data-created_by=\"avia_inline_auto\" id=\"style-css-av-277stu-9b91f0ab2f753596d8bb57d3daa523c0\">\n.flex_column.av-277stu-9b91f0ab2f753596d8bb57d3daa523c0{\nborder-radius:0px 0px 0px 0px;\npadding:0px 0px 0px 0px;\n}\n<\/style>\n<div  class='flex_column av-277stu-9b91f0ab2f753596d8bb57d3daa523c0 av_three_fifth  avia-builder-el-5  el_after_av_one_full  el_before_av_two_fifth  first flex_column_div av-zero-column-padding  column-top-margin'     ><section  class='av_textblock_section av-23kbsy-14b9470fec348eab1e3e27251d0e19ee '   itemscope=\"itemscope\" itemtype=\"https:\/\/schema.org\/CreativeWork\" ><div class='avia_textblock'  itemprop=\"text\" ><h2>CLASSIC MASSAGES<\/h2>\n<p>Loosens ones`s muscles, strengthens the immunologic system, helps to calm down and relax.<\/p>\n<\/div><\/section><\/div>\n\n<style type=\"text\/css\" data-created_by=\"avia_inline_auto\" id=\"style-css-av-1vein6-1d281ca70fe3e2f180f651e52048c68f\">\n.flex_column.av-1vein6-1d281ca70fe3e2f180f651e52048c68f{\nborder-radius:0px 0px 0px 0px;\npadding:0px 0px 0px 0px;\n}\n<\/style>\n<div  class='flex_column av-1vein6-1d281ca70fe3e2f180f651e52048c68f av_two_fifth  avia-builder-el-7  el_after_av_three_fifth  el_before_av_two_fifth  flex_column_div av-zero-column-padding  column-top-margin'     ><\/div>\n\n<style type=\"text\/css\" data-created_by=\"avia_inline_auto\" id=\"style-css-av-1sfkc2-be9e431577bdf395fc8e616eb182b59c\">\n#top .flex_column.av-1sfkc2-be9e431577bdf395fc8e616eb182b59c{\nmargin-top:0px;\nmargin-bottom:0px;\n}\n.flex_column.av-1sfkc2-be9e431577bdf395fc8e616eb182b59c{\nborder-radius:0px 0px 0px 0px;\npadding:0px 0px 0px 0px;\n}\n.responsive #top #wrap_all .flex_column.av-1sfkc2-be9e431577bdf395fc8e616eb182b59c{\nmargin-top:0px;\nmargin-bottom:0px;\n}\n<\/style>\n<div  class='flex_column av-1sfkc2-be9e431577bdf395fc8e616eb182b59c av_two_fifth  avia-builder-el-8  el_after_av_two_fifth  el_before_av_one_fifth  first flex_column_div av-zero-column-padding  '     ><section  class='av_textblock_section av-kgkmrv49-8f1e297ab75250bc9e359518c62018f2 '   itemscope=\"itemscope\" itemtype=\"https:\/\/schema.org\/CreativeWork\" ><div class='avia_textblock'  itemprop=\"text\" ><h5>Classic backmassage<\/h5>\n<p>30 Minutes\u00a0 &#8211;\u00a0 <strong>38 Euros<\/strong><\/p>\n<\/div><\/section><br \/>\n<section  class='av_textblock_section av-1lf4de-9ab2e811df6f2a5151bc09e673df7200 '   itemscope=\"itemscope\" itemtype=\"https:\/\/schema.org\/CreativeWork\" ><div class='avia_textblock'  itemprop=\"text\" ><h5>Head-neck-shoulder massage<\/h5>\n<p>30 Minutes\u00a0 &#8211;\u00a0 <strong>38 Euros<\/strong><\/p>\n<\/div><\/section><\/p><\/div>\n\n<style type=\"text\/css\" data-created_by=\"avia_inline_auto\" id=\"style-css-av-1dq3dm-fd8d7a6350a4b93c99e6e9d8a9a40008\">\n#top .flex_column.av-1dq3dm-fd8d7a6350a4b93c99e6e9d8a9a40008{\nmargin-top:0px;\nmargin-bottom:0px;\n}\n.flex_column.av-1dq3dm-fd8d7a6350a4b93c99e6e9d8a9a40008{\nborder-radius:0px 0px 0px 0px;\npadding:0px 0px 0px 0px;\n}\n.responsive #top #wrap_all .flex_column.av-1dq3dm-fd8d7a6350a4b93c99e6e9d8a9a40008{\nmargin-top:0px;\nmargin-bottom:0px;\n}\n<\/style>\n<div  class='flex_column av-1dq3dm-fd8d7a6350a4b93c99e6e9d8a9a40008 av_one_fifth  avia-builder-el-11  el_after_av_two_fifth  el_before_av_two_fifth  flex_column_div av-zero-column-padding  '     ><\/div>\n\n<style type=\"text\/css\" data-created_by=\"avia_inline_auto\" id=\"style-css-av-4h3uy-f3d972abe769798f73a5ddc71bc53a4b\">\n#top .flex_column.av-4h3uy-f3d972abe769798f73a5ddc71bc53a4b{\nmargin-top:0px;\nmargin-bottom:0px;\n}\n.flex_column.av-4h3uy-f3d972abe769798f73a5ddc71bc53a4b{\nborder-radius:0px 0px 0px 0px;\npadding:0px 0px 0px 0px;\n}\n.responsive #top #wrap_all .flex_column.av-4h3uy-f3d972abe769798f73a5ddc71bc53a4b{\nmargin-top:0px;\nmargin-bottom:0px;\n}\n<\/style>\n<div  class='flex_column av-4h3uy-f3d972abe769798f73a5ddc71bc53a4b av_two_fifth  avia-builder-el-12  el_after_av_one_fifth  el_before_av_hr  flex_column_div av-zero-column-padding  '     ><section  class='av_textblock_section av-kgkms6o5-e08912204b40481025abd583a71d6050 '   itemscope=\"itemscope\" itemtype=\"https:\/\/schema.org\/CreativeWork\" ><div class='avia_textblock'  itemprop=\"text\" ><h5>Footmassage<strong><br \/>\n<\/strong><\/h5>\n<p>30 Minutes\u00a0 &#8211;\u00a0 <strong>38 Euros<\/strong><\/p>\n<\/div><\/section><br \/>\n<section  class='av_textblock_section av-kgkmsq5g-2a2fab8cd6b2d9b1c5a0e99d03a9c794 '   itemscope=\"itemscope\" itemtype=\"https:\/\/schema.org\/CreativeWork\" ><div class='avia_textblock'  itemprop=\"text\" ><\/div><\/section><\/p><\/div>\n<div  class='hr av-14pc0q-a5f88967b6bda327ffcea602aa206492 hr-default  avia-builder-el-15  el_after_av_two_fifth  el_before_av_two_fifth '><span class='hr-inner '><span class=\"hr-inner-style\"><\/span><\/span><\/div>\n\n<style type=\"text\/css\" data-created_by=\"avia_inline_auto\" id=\"style-css-av-w6taq-468c43011aea177222036015b9c51cc7\">\n#top .flex_column.av-w6taq-468c43011aea177222036015b9c51cc7{\nmargin-top:0px;\nmargin-bottom:0px;\n}\n.flex_column.av-w6taq-468c43011aea177222036015b9c51cc7{\nborder-radius:0px 0px 0px 0px;\npadding:0px 0px 0px 0px;\n}\n.responsive #top #wrap_all .flex_column.av-w6taq-468c43011aea177222036015b9c51cc7{\nmargin-top:0px;\nmargin-bottom:0px;\n}\n<\/style>\n<div  class='flex_column av-w6taq-468c43011aea177222036015b9c51cc7 av_two_fifth  avia-builder-el-16  el_after_av_hr  el_before_av_one_fifth  first flex_column_div av-zero-column-padding  '     ><section  class='av_textblock_section av-kgkmu4le-9fe3352f451e65c0794b9e4742c7e2cb '   itemscope=\"itemscope\" itemtype=\"https:\/\/schema.org\/CreativeWork\" ><div class='avia_textblock'  itemprop=\"text\" ><h2>Oriental Full body oil massage<\/h2>\n<\/div><\/section><br \/>\n<section  class='av_textblock_section av-kgkmy6nq-bbdc2185acd9b92a2259dd4591fcb26b '   itemscope=\"itemscope\" itemtype=\"https:\/\/schema.org\/CreativeWork\" ><div class='avia_textblock'  itemprop=\"text\" ><p>with blockade resolution pampering your body, mind\u00a0 soul<\/p>\n<p>30 Minutes &#8211; <strong>30 Euros <\/strong>only oil massage<strong><br \/>\n<\/strong><\/p>\n<p>60 Minutes &#8211; 60 Euros*<\/p>\n<p>90 Minutes &#8211; 90 Euros*<\/p>\n<p>*Oriental energy treatments on request<\/p>\n<\/div><\/section><\/p><\/div>\n\n<style type=\"text\/css\" data-created_by=\"avia_inline_auto\" id=\"style-css-av-t97lm-c37316d0d8b46442cce8c1ad243d1091\">\n#top .flex_column.av-t97lm-c37316d0d8b46442cce8c1ad243d1091{\nmargin-top:0px;\nmargin-bottom:0px;\n}\n.flex_column.av-t97lm-c37316d0d8b46442cce8c1ad243d1091{\nborder-radius:0px 0px 0px 0px;\npadding:0px 0px 0px 0px;\n}\n.responsive #top #wrap_all .flex_column.av-t97lm-c37316d0d8b46442cce8c1ad243d1091{\nmargin-top:0px;\nmargin-bottom:0px;\n}\n<\/style>\n<div  class='flex_column av-t97lm-c37316d0d8b46442cce8c1ad243d1091 av_one_fifth  avia-builder-el-19  el_after_av_two_fifth  el_before_av_hr  flex_column_div av-zero-column-padding  '     ><\/div>\n<div  class='hr av-mjct6-f03b4cff407696f9c5e8ae0e93fd1dfb hr-default  avia-builder-el-20  el_after_av_one_fifth  el_before_av_three_fifth '><span class='hr-inner '><span class=\"hr-inner-style\"><\/span><\/span><\/div>\n\n<style type=\"text\/css\" data-created_by=\"avia_inline_auto\" id=\"style-css-av-cl4z6-f6a90da3d62cc1b57de5d054aa61fcbe\">\n#top .flex_column.av-cl4z6-f6a90da3d62cc1b57de5d054aa61fcbe{\nmargin-top:0px;\nmargin-bottom:0px;\n}\n.flex_column.av-cl4z6-f6a90da3d62cc1b57de5d054aa61fcbe{\nborder-radius:0px 0px 0px 0px;\npadding:0px 0px 0px 0px;\n}\n.responsive #top #wrap_all .flex_column.av-cl4z6-f6a90da3d62cc1b57de5d054aa61fcbe{\nmargin-top:0px;\nmargin-bottom:0px;\n}\n<\/style>\n<div  class='flex_column av-cl4z6-f6a90da3d62cc1b57de5d054aa61fcbe av_three_fifth  avia-builder-el-21  el_after_av_hr  avia-builder-el-last  first flex_column_div av-zero-column-padding  '     ><section  class='av_textblock_section av-7inj6-d5954f9fbf18e9337a6ce384292afaac '   itemscope=\"itemscope\" itemtype=\"https:\/\/schema.org\/CreativeWork\" ><div class='avia_textblock'  itemprop=\"text\" ><p><strong>For further information or to make your appointment, please contact the Reception.<\/strong><\/p>\n<\/div><\/section><\/div>\n","protected":false},"excerpt":{"rendered":"","protected":false},"author":1,"featured_media":0,"parent":0,"menu_order":9,"comment_status":"closed","ping_status":"closed","template":"","meta":{"footnotes":""},"class_list":["post-618","page","type-page","status-publish","hentry"],"yoast_head":"<!-- This site is optimized with the Yoast SEO plugin v27.3 - https:\/\/yoast.com\/product\/yoast-seo-wordpress\/ -->\n<title>Wellness - Hotel Villa Seeschau \u2013 Meersburg am Bodensee<\/title>\n<meta name=\"robots\" content=\"index, follow, max-snippet:-1, max-image-preview:large, max-video-preview:-1\" \/>\n<link rel=\"canonical\" href=\"https:\/\/www.hotel-seeschau.de\/en\/wellness\/\" \/>\n<meta property=\"og:locale\" content=\"en_US\" \/>\n<meta property=\"og:type\" content=\"article\" \/>\n<meta property=\"og:title\" content=\"Wellness - Hotel Villa Seeschau \u2013 Meersburg am Bodensee\" \/>\n<meta property=\"og:url\" content=\"https:\/\/www.hotel-seeschau.de\/en\/wellness\/\" \/>\n<meta property=\"og:site_name\" content=\"Hotel Villa Seeschau \u2013 Meersburg am Bodensee\" \/>\n<meta property=\"article:modified_time\" content=\"2022-09-06T16:34:19+00:00\" \/>\n<meta property=\"og:image\" content=\"https:\/\/www.hotel-seeschau.de\/wp-content\/uploads\/2015\/10\/Bild-5.jpg\" \/>\n\t<meta property=\"og:image:width\" content=\"1000\" \/>\n\t<meta property=\"og:image:height\" content=\"667\" \/>\n\t<meta property=\"og:image:type\" content=\"image\/jpeg\" \/>\n<meta name=\"twitter:card\" content=\"summary_large_image\" \/>\n<meta name=\"twitter:label1\" content=\"Est. reading time\" \/>\n\t<meta name=\"twitter:data1\" content=\"3 minutes\" \/>\n<script type=\"application\/ld+json\" class=\"yoast-schema-graph\">{\"@context\":\"https:\\\/\\\/schema.org\",\"@graph\":[{\"@type\":\"WebPage\",\"@id\":\"https:\\\/\\\/www.hotel-seeschau.de\\\/en\\\/wellness\\\/\",\"url\":\"https:\\\/\\\/www.hotel-seeschau.de\\\/en\\\/wellness\\\/\",\"name\":\"Wellness - Hotel Villa Seeschau \u2013 Meersburg am Bodensee\",\"isPartOf\":{\"@id\":\"https:\\\/\\\/www.hotel-seeschau.de\\\/#website\"},\"datePublished\":\"2015-10-13T13:02:22+00:00\",\"dateModified\":\"2022-09-06T16:34:19+00:00\",\"breadcrumb\":{\"@id\":\"https:\\\/\\\/www.hotel-seeschau.de\\\/en\\\/wellness\\\/#breadcrumb\"},\"inLanguage\":\"en-US\",\"potentialAction\":[{\"@type\":\"ReadAction\",\"target\":[\"https:\\\/\\\/www.hotel-seeschau.de\\\/en\\\/wellness\\\/\"]}]},{\"@type\":\"BreadcrumbList\",\"@id\":\"https:\\\/\\\/www.hotel-seeschau.de\\\/en\\\/wellness\\\/#breadcrumb\",\"itemListElement\":[{\"@type\":\"ListItem\",\"position\":1,\"name\":\"Home\",\"item\":\"https:\\\/\\\/www.hotel-seeschau.de\\\/en\\\/\"},{\"@type\":\"ListItem\",\"position\":2,\"name\":\"Wellness\"}]},{\"@type\":\"WebSite\",\"@id\":\"https:\\\/\\\/www.hotel-seeschau.de\\\/#website\",\"url\":\"https:\\\/\\\/www.hotel-seeschau.de\\\/\",\"name\":\"Hotel Villa Seeschau \u2013 Meersburg am Bodensee\",\"description\":\"Diskret, luxuri\u00f6s, charmant und exklusiv. Mit majest\u00e4tischem Blick \u00fcber den Bodensee, verborgen in einer weitl\u00e4ufigen Parkanlage erf\u00fcllt das Hotel Villa Seeschau h\u00f6chste Anspr\u00fcche.\",\"potentialAction\":[{\"@type\":\"SearchAction\",\"target\":{\"@type\":\"EntryPoint\",\"urlTemplate\":\"https:\\\/\\\/www.hotel-seeschau.de\\\/?s={search_term_string}\"},\"query-input\":{\"@type\":\"PropertyValueSpecification\",\"valueRequired\":true,\"valueName\":\"search_term_string\"}}],\"inLanguage\":\"en-US\"}]}<\/script>\n<!-- \/ Yoast SEO plugin. -->","yoast_head_json":{"title":"Wellness - Hotel Villa Seeschau \u2013 Meersburg am Bodensee","robots":{"index":"index","follow":"follow","max-snippet":"max-snippet:-1","max-image-preview":"max-image-preview:large","max-video-preview":"max-video-preview:-1"},"canonical":"https:\/\/www.hotel-seeschau.de\/en\/wellness\/","og_locale":"en_US","og_type":"article","og_title":"Wellness - Hotel Villa Seeschau \u2013 Meersburg am Bodensee","og_url":"https:\/\/www.hotel-seeschau.de\/en\/wellness\/","og_site_name":"Hotel Villa Seeschau \u2013 Meersburg am Bodensee","article_modified_time":"2022-09-06T16:34:19+00:00","og_image":[{"width":1000,"height":667,"url":"https:\/\/www.hotel-seeschau.de\/wp-content\/uploads\/2015\/10\/Bild-5.jpg","type":"image\/jpeg"}],"twitter_card":"summary_large_image","twitter_misc":{"Est. reading time":"3 minutes"},"schema":{"@context":"https:\/\/schema.org","@graph":[{"@type":"WebPage","@id":"https:\/\/www.hotel-seeschau.de\/en\/wellness\/","url":"https:\/\/www.hotel-seeschau.de\/en\/wellness\/","name":"Wellness - Hotel Villa Seeschau \u2013 Meersburg am Bodensee","isPartOf":{"@id":"https:\/\/www.hotel-seeschau.de\/#website"},"datePublished":"2015-10-13T13:02:22+00:00","dateModified":"2022-09-06T16:34:19+00:00","breadcrumb":{"@id":"https:\/\/www.hotel-seeschau.de\/en\/wellness\/#breadcrumb"},"inLanguage":"en-US","potentialAction":[{"@type":"ReadAction","target":["https:\/\/www.hotel-seeschau.de\/en\/wellness\/"]}]},{"@type":"BreadcrumbList","@id":"https:\/\/www.hotel-seeschau.de\/en\/wellness\/#breadcrumb","itemListElement":[{"@type":"ListItem","position":1,"name":"Home","item":"https:\/\/www.hotel-seeschau.de\/en\/"},{"@type":"ListItem","position":2,"name":"Wellness"}]},{"@type":"WebSite","@id":"https:\/\/www.hotel-seeschau.de\/#website","url":"https:\/\/www.hotel-seeschau.de\/","name":"Hotel Villa Seeschau \u2013 Meersburg am Bodensee","description":"Diskret, luxuri\u00f6s, charmant und exklusiv. Mit majest\u00e4tischem Blick \u00fcber den Bodensee, verborgen in einer weitl\u00e4ufigen Parkanlage erf\u00fcllt das Hotel Villa Seeschau h\u00f6chste Anspr\u00fcche.","potentialAction":[{"@type":"SearchAction","target":{"@type":"EntryPoint","urlTemplate":"https:\/\/www.hotel-seeschau.de\/?s={search_term_string}"},"query-input":{"@type":"PropertyValueSpecification","valueRequired":true,"valueName":"search_term_string"}}],"inLanguage":"en-US"}]}},"_links":{"self":[{"href":"https:\/\/www.hotel-seeschau.de\/en\/wp-json\/wp\/v2\/pages\/618","targetHints":{"allow":["GET"]}}],"collection":[{"href":"https:\/\/www.hotel-seeschau.de\/en\/wp-json\/wp\/v2\/pages"}],"about":[{"href":"https:\/\/www.hotel-seeschau.de\/en\/wp-json\/wp\/v2\/types\/page"}],"author":[{"embeddable":true,"href":"https:\/\/www.hotel-seeschau.de\/en\/wp-json\/wp\/v2\/users\/1"}],"replies":[{"embeddable":true,"href":"https:\/\/www.hotel-seeschau.de\/en\/wp-json\/wp\/v2\/comments?post=618"}],"version-history":[{"count":7,"href":"https:\/\/www.hotel-seeschau.de\/en\/wp-json\/wp\/v2\/pages\/618\/revisions"}],"predecessor-version":[{"id":1529,"href":"https:\/\/www.hotel-seeschau.de\/en\/wp-json\/wp\/v2\/pages\/618\/revisions\/1529"}],"wp:attachment":[{"href":"https:\/\/www.hotel-seeschau.de\/en\/wp-json\/wp\/v2\/media?parent=618"}],"curies":[{"name":"wp","href":"https:\/\/api.w.org\/{rel}","templated":true}]}}