{"id":614,"date":"2015-10-13T15:02:09","date_gmt":"2015-10-13T13:02:09","guid":{"rendered":"http:\/\/s612164184.online.de\/hotelseeschau.de\/extras-2\/"},"modified":"2024-06-07T12:37:25","modified_gmt":"2024-06-07T10:37:25","slug":"extras","status":"publish","type":"page","link":"https:\/\/www.hotel-seeschau.de\/en\/extras\/","title":{"rendered":"Extras"},"content":{"rendered":"\n<style type=\"text\/css\" data-created_by=\"avia_inline_auto\" id=\"style-css-av-2ggig6-6cea3262128b9291f422aa9c84b9512e\">\n.flex_column.av-2ggig6-6cea3262128b9291f422aa9c84b9512e{\nborder-radius:0px 0px 0px 0px;\npadding:0px 0px 0px 0px;\n}\n<\/style>\n<div  class='flex_column av-2ggig6-6cea3262128b9291f422aa9c84b9512e av_one_full  avia-builder-el-0  el_before_av_one_full  avia-builder-el-first  first flex_column_div av-zero-column-padding  '     ><style type=\"text\/css\" data-created_by=\"avia_inline_auto\" id=\"style-css-av-275c3a-0589cbd4c290c31c7a767597077b006e\">\n.avia-image-container.av-275c3a-0589cbd4c290c31c7a767597077b006e img.avia_image{\nbox-shadow:none;\n}\n.avia-image-container.av-275c3a-0589cbd4c290c31c7a767597077b006e .av-image-caption-overlay-center{\ncolor:#ffffff;\n}\n<\/style>\n<div  class='avia-image-container av-275c3a-0589cbd4c290c31c7a767597077b006e av-styling- avia-align-center  avia-builder-el-1  avia-builder-el-no-sibling '   itemprop=\"image\" itemscope=\"itemscope\" itemtype=\"https:\/\/schema.org\/ImageObject\" ><div class=\"avia-image-container-inner\"><div class=\"avia-image-overlay-wrap\"><img decoding=\"async\" fetchpriority=\"high\" class='wp-image-615 avia-img-lazy-loading-not-615 avia_image ' src=\"https:\/\/www.hotel-seeschau.de\/wp-content\/uploads\/2015\/10\/extras_headerbild-1500x630.jpg\" alt='' title='extras_headerbild'  height=\"630\" width=\"1500\"  itemprop=\"thumbnailUrl\" srcset=\"https:\/\/www.hotel-seeschau.de\/wp-content\/uploads\/2015\/10\/extras_headerbild-1500x630.jpg 1500w, https:\/\/www.hotel-seeschau.de\/wp-content\/uploads\/2015\/10\/extras_headerbild-300x125.jpg 300w, https:\/\/www.hotel-seeschau.de\/wp-content\/uploads\/2015\/10\/extras_headerbild-450x188.jpg 450w\" sizes=\"(max-width: 1500px) 100vw, 1500px\" \/><\/div><\/div><\/div><\/div>\n\n<style type=\"text\/css\" data-created_by=\"avia_inline_auto\" id=\"style-css-av-21grw6-7e0db0ec8569729f2dbf5261979bcf2c\">\n.flex_column.av-21grw6-7e0db0ec8569729f2dbf5261979bcf2c{\nborder-radius:0px 0px 0px 0px;\npadding:0px 0px 0px 0px;\n}\n<\/style>\n<div  class='flex_column av-21grw6-7e0db0ec8569729f2dbf5261979bcf2c av_one_full  avia-builder-el-2  el_after_av_one_full  el_before_av_one_third  first flex_column_div av-zero-column-padding  column-top-margin'     ><section  class='av_textblock_section av-706em-8ad9837480d69f21ae37bc71a2bfa318 '   itemscope=\"itemscope\" itemtype=\"https:\/\/schema.org\/CreativeWork\" ><div class='avia_textblock'  itemprop=\"text\" ><h1 style=\"text-align: center;\">Extras<\/h1>\n<\/div><\/section><br \/>\n\n<style type=\"text\/css\" data-created_by=\"avia_inline_auto\" id=\"style-css-av-1rh7g6-b1aa46be0fd31db3a9a88a47bb425772\">\n#top .hr.av-1rh7g6-b1aa46be0fd31db3a9a88a47bb425772{\nmargin-top:0px;\nmargin-bottom:15px;\n}\n.hr.av-1rh7g6-b1aa46be0fd31db3a9a88a47bb425772 .hr-inner{\nwidth:100px;\nborder-color:#86c2eb;\n}\n<\/style>\n<div  class='hr av-1rh7g6-b1aa46be0fd31db3a9a88a47bb425772 hr-custom  avia-builder-el-4  el_after_av_textblock  avia-builder-el-last  hr-center hr-icon-no'><span class='hr-inner inner-border-av-border-fat'><span class=\"hr-inner-style\"><\/span><\/span><\/div><\/p><\/div>\n\n<style type=\"text\/css\" data-created_by=\"avia_inline_auto\" id=\"style-css-av-1kneom-cec8e5202a23b7c8fea44c3a3be4c9c2\">\n.flex_column.av-1kneom-cec8e5202a23b7c8fea44c3a3be4c9c2{\nborder-radius:0px 0px 0px 0px;\npadding:0px 0px 0px 0px;\n}\n<\/style>\n<div  class='flex_column av-1kneom-cec8e5202a23b7c8fea44c3a3be4c9c2 av_one_third  avia-builder-el-5  el_after_av_one_full  el_before_av_one_third  first flex_column_div av-zero-column-padding  column-top-margin'     ><section  class='av_textblock_section av-1h2gpi-b5e90806277f5aa3e96f1bea450cd989 '   itemscope=\"itemscope\" itemtype=\"https:\/\/schema.org\/CreativeWork\" ><div class='avia_textblock'  itemprop=\"text\" ><h3>Cozy love nest<\/h3>\n<\/div><\/section><br \/>\n<section  class='av_textblock_section av-kx7bm34z-8b690e1c5e870d6754d50ae8c0293f22 '   itemscope=\"itemscope\" itemtype=\"https:\/\/schema.org\/CreativeWork\" ><div class='avia_textblock'  itemprop=\"text\" ><p>We can make your room romantic when you arrive and decorate it with genuine rose heads, if you wish<\/p>\n<p><strong>34.50 Euros<\/strong><\/p>\n<\/div><\/section><\/p><\/div>\n<style type=\"text\/css\" data-created_by=\"avia_inline_auto\" id=\"style-css-av-1bcgta-25f8846981d1fed8362e8036f69a8a3e\">\n.flex_column.av-1bcgta-25f8846981d1fed8362e8036f69a8a3e{\nborder-radius:0px 0px 0px 0px;\npadding:0px 0px 0px 0px;\n}\n<\/style>\n<div  class='flex_column av-1bcgta-25f8846981d1fed8362e8036f69a8a3e av_one_third  avia-builder-el-8  el_after_av_one_third  el_before_av_one_third  flex_column_div av-zero-column-padding  column-top-margin'     ><section  class='av_textblock_section av-3wg12-60dc398cdb69f0f99833530513531a8e '   itemscope=\"itemscope\" itemtype=\"https:\/\/schema.org\/CreativeWork\" ><div class='avia_textblock'  itemprop=\"text\" ><h3>Floral greeting<\/h3>\n<\/div><\/section><br \/>\n<section  class='av_textblock_section av-y7h1a-8bcadd38c26e3c54b6565afb81462227 '   itemscope=\"itemscope\" itemtype=\"https:\/\/schema.org\/CreativeWork\" ><div class='avia_textblock'  itemprop=\"text\" ><p>We would be happy to accommodate any flower requirements you may have<\/p>\n<p><strong>Price on request<\/strong><\/p>\n<\/div><\/section><\/p><\/div><\/p>\n\n<style type=\"text\/css\" data-created_by=\"avia_inline_auto\" id=\"style-css-av-pw6ce-ef2182698a0b1ad07347a2ac6ad0c65c\">\n.flex_column.av-pw6ce-ef2182698a0b1ad07347a2ac6ad0c65c{\nborder-radius:0px 0px 0px 0px;\npadding:0px 0px 0px 0px;\n}\n<\/style>\n<div  class='flex_column av-pw6ce-ef2182698a0b1ad07347a2ac6ad0c65c av_one_third  avia-builder-el-11  el_after_av_one_third  el_before_av_one_third  flex_column_div av-zero-column-padding  column-top-margin'     ><section  class='av_textblock_section av-mi6da-47050ca476e09eaf6b4ad55dccda8aef '   itemscope=\"itemscope\" itemtype=\"https:\/\/schema.org\/CreativeWork\" ><div class='avia_textblock'  itemprop=\"text\" ><h3>Sparkling treat<\/h3>\n<\/div><\/section><br \/>\n<section  class='av_textblock_section av-kx7bmrpn-ff749c21bf154b298e640e9a44891fa6 '   itemscope=\"itemscope\" itemtype=\"https:\/\/schema.org\/CreativeWork\" ><div class='avia_textblock'  itemprop=\"text\" ><p>Small bottle of Champagne<br \/>\n\u2018Mo\u00ebt &amp; Chandon Imp\u00e9rial\u2019<\/p>\n<p><strong>375 ml 49,50 Euros<\/strong><br \/>\n<strong>\u2013 With fresh strawberries (seasonal) 66,50 Euros<\/strong><\/p>\n<\/div><\/section><\/p><\/div>\n<style type=\"text\/css\" data-created_by=\"avia_inline_auto\" id=\"style-css-av-4lli-936d3c2f651bb3651389a13570fd2019\">\n.flex_column.av-4lli-936d3c2f651bb3651389a13570fd2019{\nborder-radius:0px 0px 0px 0px;\npadding:0px 0px 0px 0px;\n}\n<\/style>\n<div  class='flex_column av-4lli-936d3c2f651bb3651389a13570fd2019 av_one_third  avia-builder-el-14  el_after_av_one_third  avia-builder-el-last  first flex_column_div av-zero-column-padding  column-top-margin'     ><section  class='av_textblock_section av-14h9i-09e10451a1edb35f5280688c739f1cea '   itemscope=\"itemscope\" itemtype=\"https:\/\/schema.org\/CreativeWork\" ><div class='avia_textblock'  itemprop=\"text\" ><h3>Champagne &#038; snacks<\/h3>\n<\/div><\/section><br \/>\n<section  class='av_textblock_section av-kx7bn8nq-621e15ad1258a7c205f8b2a714bee48e '   itemscope=\"itemscope\" itemtype=\"https:\/\/schema.org\/CreativeWork\" ><div class='avia_textblock'  itemprop=\"text\" ><p>A cool glass of sparkling Champagne and some delicious culinary bites<\/p>\n<p><strong>43,50 Euros per person<\/strong><\/p>\n<\/div><\/section><\/p><\/div><\/p>\n","protected":false},"excerpt":{"rendered":"","protected":false},"author":1,"featured_media":0,"parent":0,"menu_order":8,"comment_status":"closed","ping_status":"closed","template":"","meta":{"footnotes":""},"class_list":["post-614","page","type-page","status-publish","hentry"],"yoast_head":"<!-- This site is optimized with the Yoast SEO plugin v27.3 - https:\/\/yoast.com\/product\/yoast-seo-wordpress\/ -->\n<title>Extras - Hotel Villa Seeschau \u2013 Meersburg am Bodensee<\/title>\n<meta name=\"robots\" content=\"index, follow, max-snippet:-1, max-image-preview:large, max-video-preview:-1\" \/>\n<link rel=\"canonical\" href=\"https:\/\/www.hotel-seeschau.de\/en\/extras\/\" \/>\n<meta property=\"og:locale\" content=\"en_US\" \/>\n<meta property=\"og:type\" content=\"article\" \/>\n<meta property=\"og:title\" content=\"Extras - Hotel Villa Seeschau \u2013 Meersburg am Bodensee\" \/>\n<meta property=\"og:url\" content=\"https:\/\/www.hotel-seeschau.de\/en\/extras\/\" \/>\n<meta property=\"og:site_name\" content=\"Hotel Villa Seeschau \u2013 Meersburg am Bodensee\" \/>\n<meta property=\"article:modified_time\" content=\"2024-06-07T10:37:25+00:00\" \/>\n<meta property=\"og:image\" content=\"https:\/\/www.hotel-seeschau.de\/wp-content\/uploads\/2015\/10\/Bild-5.jpg\" \/>\n\t<meta property=\"og:image:width\" content=\"1000\" \/>\n\t<meta property=\"og:image:height\" content=\"667\" \/>\n\t<meta property=\"og:image:type\" content=\"image\/jpeg\" \/>\n<meta name=\"twitter:card\" content=\"summary_large_image\" \/>\n<meta name=\"twitter:label1\" content=\"Est. reading time\" \/>\n\t<meta name=\"twitter:data1\" content=\"1 minute\" \/>\n<script type=\"application\/ld+json\" class=\"yoast-schema-graph\">{\"@context\":\"https:\\\/\\\/schema.org\",\"@graph\":[{\"@type\":\"WebPage\",\"@id\":\"https:\\\/\\\/www.hotel-seeschau.de\\\/en\\\/extras\\\/\",\"url\":\"https:\\\/\\\/www.hotel-seeschau.de\\\/en\\\/extras\\\/\",\"name\":\"Extras - Hotel Villa Seeschau \u2013 Meersburg am Bodensee\",\"isPartOf\":{\"@id\":\"https:\\\/\\\/www.hotel-seeschau.de\\\/#website\"},\"datePublished\":\"2015-10-13T13:02:09+00:00\",\"dateModified\":\"2024-06-07T10:37:25+00:00\",\"breadcrumb\":{\"@id\":\"https:\\\/\\\/www.hotel-seeschau.de\\\/en\\\/extras\\\/#breadcrumb\"},\"inLanguage\":\"en-US\",\"potentialAction\":[{\"@type\":\"ReadAction\",\"target\":[\"https:\\\/\\\/www.hotel-seeschau.de\\\/en\\\/extras\\\/\"]}]},{\"@type\":\"BreadcrumbList\",\"@id\":\"https:\\\/\\\/www.hotel-seeschau.de\\\/en\\\/extras\\\/#breadcrumb\",\"itemListElement\":[{\"@type\":\"ListItem\",\"position\":1,\"name\":\"Home\",\"item\":\"https:\\\/\\\/www.hotel-seeschau.de\\\/en\\\/\"},{\"@type\":\"ListItem\",\"position\":2,\"name\":\"Extras\"}]},{\"@type\":\"WebSite\",\"@id\":\"https:\\\/\\\/www.hotel-seeschau.de\\\/#website\",\"url\":\"https:\\\/\\\/www.hotel-seeschau.de\\\/\",\"name\":\"Hotel Villa Seeschau \u2013 Meersburg am Bodensee\",\"description\":\"Diskret, luxuri\u00f6s, charmant und exklusiv. Mit majest\u00e4tischem Blick \u00fcber den Bodensee, verborgen in einer weitl\u00e4ufigen Parkanlage erf\u00fcllt das Hotel Villa Seeschau h\u00f6chste Anspr\u00fcche.\",\"potentialAction\":[{\"@type\":\"SearchAction\",\"target\":{\"@type\":\"EntryPoint\",\"urlTemplate\":\"https:\\\/\\\/www.hotel-seeschau.de\\\/?s={search_term_string}\"},\"query-input\":{\"@type\":\"PropertyValueSpecification\",\"valueRequired\":true,\"valueName\":\"search_term_string\"}}],\"inLanguage\":\"en-US\"}]}<\/script>\n<!-- \/ Yoast SEO plugin. -->","yoast_head_json":{"title":"Extras - Hotel Villa Seeschau \u2013 Meersburg am Bodensee","robots":{"index":"index","follow":"follow","max-snippet":"max-snippet:-1","max-image-preview":"max-image-preview:large","max-video-preview":"max-video-preview:-1"},"canonical":"https:\/\/www.hotel-seeschau.de\/en\/extras\/","og_locale":"en_US","og_type":"article","og_title":"Extras - Hotel Villa Seeschau \u2013 Meersburg am Bodensee","og_url":"https:\/\/www.hotel-seeschau.de\/en\/extras\/","og_site_name":"Hotel Villa Seeschau \u2013 Meersburg am Bodensee","article_modified_time":"2024-06-07T10:37:25+00:00","og_image":[{"width":1000,"height":667,"url":"https:\/\/www.hotel-seeschau.de\/wp-content\/uploads\/2015\/10\/Bild-5.jpg","type":"image\/jpeg"}],"twitter_card":"summary_large_image","twitter_misc":{"Est. reading time":"1 minute"},"schema":{"@context":"https:\/\/schema.org","@graph":[{"@type":"WebPage","@id":"https:\/\/www.hotel-seeschau.de\/en\/extras\/","url":"https:\/\/www.hotel-seeschau.de\/en\/extras\/","name":"Extras - Hotel Villa Seeschau \u2013 Meersburg am Bodensee","isPartOf":{"@id":"https:\/\/www.hotel-seeschau.de\/#website"},"datePublished":"2015-10-13T13:02:09+00:00","dateModified":"2024-06-07T10:37:25+00:00","breadcrumb":{"@id":"https:\/\/www.hotel-seeschau.de\/en\/extras\/#breadcrumb"},"inLanguage":"en-US","potentialAction":[{"@type":"ReadAction","target":["https:\/\/www.hotel-seeschau.de\/en\/extras\/"]}]},{"@type":"BreadcrumbList","@id":"https:\/\/www.hotel-seeschau.de\/en\/extras\/#breadcrumb","itemListElement":[{"@type":"ListItem","position":1,"name":"Home","item":"https:\/\/www.hotel-seeschau.de\/en\/"},{"@type":"ListItem","position":2,"name":"Extras"}]},{"@type":"WebSite","@id":"https:\/\/www.hotel-seeschau.de\/#website","url":"https:\/\/www.hotel-seeschau.de\/","name":"Hotel Villa Seeschau \u2013 Meersburg am Bodensee","description":"Diskret, luxuri\u00f6s, charmant und exklusiv. Mit majest\u00e4tischem Blick \u00fcber den Bodensee, verborgen in einer weitl\u00e4ufigen Parkanlage erf\u00fcllt das Hotel Villa Seeschau h\u00f6chste Anspr\u00fcche.","potentialAction":[{"@type":"SearchAction","target":{"@type":"EntryPoint","urlTemplate":"https:\/\/www.hotel-seeschau.de\/?s={search_term_string}"},"query-input":{"@type":"PropertyValueSpecification","valueRequired":true,"valueName":"search_term_string"}}],"inLanguage":"en-US"}]}},"_links":{"self":[{"href":"https:\/\/www.hotel-seeschau.de\/en\/wp-json\/wp\/v2\/pages\/614","targetHints":{"allow":["GET"]}}],"collection":[{"href":"https:\/\/www.hotel-seeschau.de\/en\/wp-json\/wp\/v2\/pages"}],"about":[{"href":"https:\/\/www.hotel-seeschau.de\/en\/wp-json\/wp\/v2\/types\/page"}],"author":[{"embeddable":true,"href":"https:\/\/www.hotel-seeschau.de\/en\/wp-json\/wp\/v2\/users\/1"}],"replies":[{"embeddable":true,"href":"https:\/\/www.hotel-seeschau.de\/en\/wp-json\/wp\/v2\/comments?post=614"}],"version-history":[{"count":10,"href":"https:\/\/www.hotel-seeschau.de\/en\/wp-json\/wp\/v2\/pages\/614\/revisions"}],"predecessor-version":[{"id":1781,"href":"https:\/\/www.hotel-seeschau.de\/en\/wp-json\/wp\/v2\/pages\/614\/revisions\/1781"}],"wp:attachment":[{"href":"https:\/\/www.hotel-seeschau.de\/en\/wp-json\/wp\/v2\/media?parent=614"}],"curies":[{"name":"wp","href":"https:\/\/api.w.org\/{rel}","templated":true}]}}