{"id":546,"date":"2015-10-13T13:53:53","date_gmt":"2015-10-13T11:53:53","guid":{"rendered":"http:\/\/s612164184.online.de\/hotelseeschau.de\/startseite-2\/"},"modified":"2025-04-25T09:32:57","modified_gmt":"2025-04-25T07:32:57","slug":"startseite","status":"publish","type":"page","link":"https:\/\/www.hotel-seeschau.de\/en\/","title":{"rendered":"Home"},"content":{"rendered":"\n<style type=\"text\/css\" data-created_by=\"avia_inline_auto\" id=\"style-css-av-3v5nn6-2cc914c3bc37b57473c732f41d87def5\">\n#top .flex_column.av-3v5nn6-2cc914c3bc37b57473c732f41d87def5{\nmargin-top:0px;\nmargin-bottom:0px;\n}\n.flex_column.av-3v5nn6-2cc914c3bc37b57473c732f41d87def5{\nborder-radius:0px 0px 0px 0px;\npadding:0px 0px 0px 0px;\n}\n.responsive #top #wrap_all .flex_column.av-3v5nn6-2cc914c3bc37b57473c732f41d87def5{\nmargin-top:0px;\nmargin-bottom:0px;\n}\n<\/style>\n<div  class='flex_column av-3v5nn6-2cc914c3bc37b57473c732f41d87def5 av_one_half  avia-builder-el-0  el_before_av_one_half  avia-builder-el-first  first av-break-at-tablet flex_column_div av-zero-column-padding  '     ><section  class='av_textblock_section av-3nuwje-6ddc7b1e7a1fe0fe40820629f38a98b3 '   itemscope=\"itemscope\" itemtype=\"https:\/\/schema.org\/CreativeWork\" ><div class='avia_textblock'  itemprop=\"text\" ><h1 style=\"text-align: center;\">The elegant villa<br \/>\nwith panoramic views over Lake Constance<\/h1>\n<\/div><\/section><br \/>\n\n<style type=\"text\/css\" data-created_by=\"avia_inline_auto\" id=\"style-css-av-criuy-61bb6b03da2a6d1507043551cb98bd89\">\n#top .hr.av-criuy-61bb6b03da2a6d1507043551cb98bd89{\nmargin-top:0px;\nmargin-bottom:15px;\n}\n.hr.av-criuy-61bb6b03da2a6d1507043551cb98bd89 .hr-inner{\nwidth:595px;;\nborder-color:#86c2eb;\n}\n<\/style>\n<div  class='hr av-criuy-61bb6b03da2a6d1507043551cb98bd89 hr-custom  avia-builder-el-2  el_after_av_textblock  el_before_av_textblock  hr-center hr-icon-no'><span class='hr-inner inner-border-av-border-fat'><span class=\"hr-inner-style\"><\/span><\/span><\/div><br \/>\n<section  class='av_textblock_section av-3717r6-408e566c0a083b1a36891714f3ed2be6 '   itemscope=\"itemscope\" itemtype=\"https:\/\/schema.org\/CreativeWork\" ><div class='avia_textblock'  itemprop=\"text\" ><p>This villa in picturesque Meersburg is situated in an exposed location above the lake, just 5 minutes\u2019 walk from the center of the old town and includes its own whirlpool in the outside area. There is free WIFI for use throughout the hotel. Fee-paying parking is provided. Enjoy a home-made breakfast on the terrace or drinks and coffee in the fireplace lounge with spectacular views.<\/p>\n<\/div><\/section><br \/>\n<section  class='av_textblock_section av-2tw2kq-cdf479dc118bd2bc9de18773c2e5cd9b '   itemscope=\"itemscope\" itemtype=\"https:\/\/schema.org\/CreativeWork\" ><div class='avia_textblock'  itemprop=\"text\" ><p>The modern rooms with a flat-screen TV include a balcony or terrace and views of the garden or lake. The facilities also include a private bathroom along with well-being massages in the pavilion.<\/p>\n<\/div><\/section><\/p><\/div>\n<style type=\"text\/css\" data-created_by=\"avia_inline_auto\" id=\"style-css-av-e7jjm-a3bd0bc4e3a635c37e6f13325e5dd825\">\n#top .flex_column.av-e7jjm-a3bd0bc4e3a635c37e6f13325e5dd825{\nmargin-top:0px;\nmargin-bottom:0px;\n}\n.flex_column.av-e7jjm-a3bd0bc4e3a635c37e6f13325e5dd825{\nborder-radius:0px 0px 0px 0px;\npadding:0px 0px 0px 0px;\n}\n.responsive #top #wrap_all .flex_column.av-e7jjm-a3bd0bc4e3a635c37e6f13325e5dd825{\nmargin-top:0px;\nmargin-bottom:0px;\n}\n<\/style>\n<div  class='flex_column av-e7jjm-a3bd0bc4e3a635c37e6f13325e5dd825 av_one_half  avia-builder-el-5  el_after_av_one_half  el_before_av_section  avia-builder-el-last  av-break-at-tablet flex_column_div av-zero-column-padding  '     ><section  class='av_textblock_section av-ld62q1pw-4561ee17fedf060a89a325ebf25e1f4d '   itemscope=\"itemscope\" itemtype=\"https:\/\/schema.org\/CreativeWork\" ><div class='avia_textblock'  itemprop=\"text\" ><h1 style=\"text-align: center;\">News<br \/>\n&#038;<br \/>\nOffers<\/h1>\n<\/div><\/section><br \/>\n\n<style type=\"text\/css\" data-created_by=\"avia_inline_auto\" id=\"style-css-av-70hxe-6f299919c3d1a235a559f4f3390767e0\">\n#top .hr.av-70hxe-6f299919c3d1a235a559f4f3390767e0{\nmargin-top:0px;\nmargin-bottom:15px;\n}\n.hr.av-70hxe-6f299919c3d1a235a559f4f3390767e0 .hr-inner{\nwidth:595px;;\nborder-color:#86c2eb;\n}\n<\/style>\n<div  class='hr av-70hxe-6f299919c3d1a235a559f4f3390767e0 hr-custom  avia-builder-el-7  el_after_av_textblock  el_before_av_textblock  hr-center hr-icon-no'><span class='hr-inner inner-border-av-border-fat'><span class=\"hr-inner-style\"><\/span><\/span><\/div><br \/>\n<section  class='av_textblock_section av-ld62ptg8-7ee2fcac3a186824856509214cbac607 '   itemscope=\"itemscope\" itemtype=\"https:\/\/schema.org\/CreativeWork\" ><div class='avia_textblock'  itemprop=\"text\" ><p>Did you know that you can save money by booking directly in house with the same conditions?<\/p>\n<p><strong>Example:<\/strong><\/p>\n<p>Double room Classic<\/p>\n<p>250,00 Euro per night via our homepage or direct<br \/>\n287,50 Euro per night via a booking portal<\/p>\n<p>The difference of 37,50 Euro per night corresponds to the fees charged to us by these providers.<\/p>\n<p>The modern rooms with flat screen TV have a balcony or terrace and garden or lake view. A private bathroom is among the amenities, as are spa massages in the pavilion.<\/p>\n<\/div><\/section><\/p><\/div><\/p>\n<\/div><\/div><\/div><!-- close content main div --><\/div><\/div>\n<style type=\"text\/css\" data-created_by=\"avia_inline_auto\" id=\"style-css-av-2q7tru-3afb0aff14a249ceee4790d1dfd9b2e9\">\n.avia-section.av-2q7tru-3afb0aff14a249ceee4790d1dfd9b2e9{\nbackground-color:#ebebeb;\nbackground-image:unset;\n}\n<\/style>\n<div id='av_section_1'  class='avia-section av-2q7tru-3afb0aff14a249ceee4790d1dfd9b2e9 main_color avia-section-default avia-no-shadow  avia-builder-el-9  el_after_av_one_half  avia-builder-el-last  avia-bg-style-scroll container_wrap sidebar_right'  ><div class='container av-section-cont-open' ><div class='template-page content  av-content-small alpha units'><div class='post-entry post-entry-type-page post-entry-546'><div class='entry-content-wrapper clearfix'>\n\n<style type=\"text\/css\" data-created_by=\"avia_inline_auto\" id=\"style-css-av-2jisay-e3d0c01bfdce79b681cd964ee6d9778f\">\n.flex_column.av-2jisay-e3d0c01bfdce79b681cd964ee6d9778f{\nborder-radius:0px 0px 0px 0px;\npadding:0px 0px 0px 0px;\nbackground-color:#ffffff;\n}\n<\/style>\n<div  class='flex_column av-2jisay-e3d0c01bfdce79b681cd964ee6d9778f av_one_third  avia-builder-el-10  el_before_av_one_third  avia-builder-el-first  first flex_column_div av-zero-column-padding  '     ><p>\n<style type=\"text\/css\" data-created_by=\"avia_inline_auto\" id=\"style-css-av-2c0upm-acb53f4dfa8811cea5889a38e5ad1dcc\">\n.avia-image-container.av-2c0upm-acb53f4dfa8811cea5889a38e5ad1dcc img.avia_image{\nbox-shadow:none;\n}\n.avia-image-container.av-2c0upm-acb53f4dfa8811cea5889a38e5ad1dcc .av-image-caption-overlay-center{\ncolor:#ffffff;\n}\n<\/style>\n<div  class='avia-image-container av-2c0upm-acb53f4dfa8811cea5889a38e5ad1dcc av-styling- av-img-linked avia-align-center  avia-builder-el-11  el_before_av_textblock  avia-builder-el-first '   itemprop=\"image\" itemscope=\"itemscope\" itemtype=\"https:\/\/schema.org\/ImageObject\" ><div class=\"avia-image-container-inner\"><div class=\"avia-image-overlay-wrap\"><a href=\"https:\/\/www.hotel-seeschau.de\/en\/rooms-suites\/grande-suite\/\" class='avia_image '  aria-label='box3'><img decoding=\"async\" fetchpriority=\"high\" class='wp-image-549 avia-img-lazy-loading-not-549 avia_image ' src=\"https:\/\/www.hotel-seeschau.de\/wp-content\/uploads\/2015\/10\/box3.jpg\" alt='' title='box3'  height=\"300\" width=\"450\"  itemprop=\"thumbnailUrl\" srcset=\"https:\/\/www.hotel-seeschau.de\/wp-content\/uploads\/2015\/10\/box3.jpg 450w, https:\/\/www.hotel-seeschau.de\/wp-content\/uploads\/2015\/10\/box3-300x200.jpg 300w\" sizes=\"(max-width: 450px) 100vw, 450px\" \/><\/a><\/div><\/div><\/div><br \/>\n<section  class='av_textblock_section av-86i9u-a4be1fd07a7f24509505d68abc2f2fce '   itemscope=\"itemscope\" itemtype=\"https:\/\/schema.org\/CreativeWork\" ><div class='avia_textblock'  itemprop=\"text\" ><h2 style=\"text-align: center; margin-bottom: -12px;\"><a href=\"https:\/\/www.hotel-seeschau.de\/zimmer-suiten\/grande-suite\/\">GRANDE SUITE<\/a><\/h2>\n<\/div><\/section><br \/>\n\n<style type=\"text\/css\" data-created_by=\"avia_inline_auto\" id=\"style-css-av-24owea-57feb38a3a63d0a468b2f92a11944a93\">\n#top .hr.av-24owea-57feb38a3a63d0a468b2f92a11944a93{\nmargin-top:0px;\nmargin-bottom:0px;\n}\n.hr.av-24owea-57feb38a3a63d0a468b2f92a11944a93 .hr-inner{\nwidth:155px;;\nborder-color:#86c2eb;\n}\n<\/style>\n<div  class='hr av-24owea-57feb38a3a63d0a468b2f92a11944a93 hr-custom  avia-builder-el-13  el_after_av_textblock  el_before_av_textblock  hr-center hr-icon-no'><span class='hr-inner inner-border-av-border-fat'><span class=\"hr-inner-style\"><\/span><\/span><\/div><br \/>\n<section  class='av_textblock_section av-1wr64q-9e36a9820c94de5f5e74f237a151b960 '   itemscope=\"itemscope\" itemtype=\"https:\/\/schema.org\/CreativeWork\" ><div class='avia_textblock'  itemprop=\"text\" ><p style=\"text-align: center; padding: 0px 20px 20px 20px;\">With its blend of luxury, comfort and forward-thinking design, our Grand Suite offers the very best a relaxed holiday on Lake Constance has to offer. It offers optimal comfort, paired with all the amenities of the hotel.<br \/>\n<a href=\"https:\/\/www.hotel-seeschau.de\/zimmer-suiten\/grande-suite\/\">More.<\/a><\/p>\n<\/div><\/section><\/p><\/div>\n<style type=\"text\/css\" data-created_by=\"avia_inline_auto\" id=\"style-css-av-1odn6y-b28a0a6362dff48cd30de5146fe697e4\">\n.flex_column.av-1odn6y-b28a0a6362dff48cd30de5146fe697e4{\nborder-radius:0px 0px 0px 0px;\npadding:0px 0px 0px 0px;\nbackground-color:#ffffff;\n}\n<\/style>\n<div  class='flex_column av-1odn6y-b28a0a6362dff48cd30de5146fe697e4 av_one_third  avia-builder-el-15  el_after_av_one_third  el_before_av_one_third  flex_column_div av-zero-column-padding  '     ><p>\n<style type=\"text\/css\" data-created_by=\"avia_inline_auto\" id=\"style-css-av-5iqqq-8478ec62eef2019faeff390be54a03ff\">\n.avia-image-container.av-5iqqq-8478ec62eef2019faeff390be54a03ff img.avia_image{\nbox-shadow:none;\n}\n.avia-image-container.av-5iqqq-8478ec62eef2019faeff390be54a03ff .av-image-caption-overlay-center{\ncolor:#ffffff;\n}\n<\/style>\n<div  class='avia-image-container av-5iqqq-8478ec62eef2019faeff390be54a03ff av-styling- av-img-linked avia-align-center  avia-builder-el-16  el_before_av_textblock  avia-builder-el-first '   itemprop=\"image\" itemscope=\"itemscope\" itemtype=\"https:\/\/schema.org\/ImageObject\" ><div class=\"avia-image-container-inner\"><div class=\"avia-image-overlay-wrap\"><a href=\"https:\/\/www.hotel-seeschau.de\/en\/rooms-suites\/\" class='avia_image '  aria-label='box2'><img decoding=\"async\" fetchpriority=\"high\" class='wp-image-548 avia-img-lazy-loading-not-548 avia_image ' src=\"https:\/\/www.hotel-seeschau.de\/wp-content\/uploads\/2015\/10\/box2.jpg\" alt='' title='box2'  height=\"300\" width=\"450\"  itemprop=\"thumbnailUrl\" srcset=\"https:\/\/www.hotel-seeschau.de\/wp-content\/uploads\/2015\/10\/box2.jpg 450w, https:\/\/www.hotel-seeschau.de\/wp-content\/uploads\/2015\/10\/box2-300x200.jpg 300w\" sizes=\"(max-width: 450px) 100vw, 450px\" \/><\/a><\/div><\/div><\/div><br \/>\n<section  class='av_textblock_section av-1gisbm-4c1dde734431fbe9ad50ea2ae56d245a '   itemscope=\"itemscope\" itemtype=\"https:\/\/schema.org\/CreativeWork\" ><div class='avia_textblock'  itemprop=\"text\" ><h2 style=\"text-align: center; margin-bottom: -12px;\"><a href=\"https:\/\/www.hotel-seeschau.de\/zimmer-suiten\/\">Our Rooms<\/a><\/h2>\n<\/div><\/section><br \/>\n\n<style type=\"text\/css\" data-created_by=\"avia_inline_auto\" id=\"style-css-av-16ay1e-b37bdce9c9559921ec6bacd11ae77fe8\">\n#top .hr.av-16ay1e-b37bdce9c9559921ec6bacd11ae77fe8{\nmargin-top:0px;\nmargin-bottom:0px;\n}\n.hr.av-16ay1e-b37bdce9c9559921ec6bacd11ae77fe8 .hr-inner{\nwidth:135px;;\nborder-color:#86c2eb;\n}\n<\/style>\n<div  class='hr av-16ay1e-b37bdce9c9559921ec6bacd11ae77fe8 hr-custom  avia-builder-el-18  el_after_av_textblock  el_before_av_textblock  hr-center hr-icon-no'><span class='hr-inner inner-border-av-border-fat'><span class=\"hr-inner-style\"><\/span><\/span><\/div><br \/>\n<section  class='av_textblock_section av-12zche-c64aa3f7c5632dc650d5c62a180a9687 '   itemscope=\"itemscope\" itemtype=\"https:\/\/schema.org\/CreativeWork\" ><div class='avia_textblock'  itemprop=\"text\" ><p style=\"text-align: center; padding: 0px 20px 20px 20px;\">With us, you can enjoy views of the virtually untouched natural landscape, like a panoramic window over Lake Constance. Refined and intensified by the high quality furnishings which are based on natural materials. The different room categories are characterized by a range of styles.<br \/>\n<a href=\"https:\/\/www.hotel-seeschau.de\/zimmer-suiten\/\">More.<\/a><\/p>\n<\/div><\/section><\/p><\/div>\n<style type=\"text\/css\" data-created_by=\"avia_inline_auto\" id=\"style-css-av-viul6-b2aa6af72d729e75dbd46e71ea0a9a83\">\n.flex_column.av-viul6-b2aa6af72d729e75dbd46e71ea0a9a83{\nborder-radius:0px 0px 0px 0px;\npadding:0px 0px 0px 0px;\nbackground-color:#ffffff;\n}\n<\/style>\n<div  class='flex_column av-viul6-b2aa6af72d729e75dbd46e71ea0a9a83 av_one_third  avia-builder-el-20  el_after_av_one_third  avia-builder-el-last  flex_column_div av-zero-column-padding  '     ><p>\n<style type=\"text\/css\" data-created_by=\"avia_inline_auto\" id=\"style-css-av-qx962-7ddacbff2a412628e16583535af22426\">\n.avia-image-container.av-qx962-7ddacbff2a412628e16583535af22426 img.avia_image{\nbox-shadow:none;\n}\n.avia-image-container.av-qx962-7ddacbff2a412628e16583535af22426 .av-image-caption-overlay-center{\ncolor:#ffffff;\n}\n<\/style>\n<div  class='avia-image-container av-qx962-7ddacbff2a412628e16583535af22426 av-styling- av-img-linked avia-align-center  avia-builder-el-21  el_before_av_textblock  avia-builder-el-first '   itemprop=\"image\" itemscope=\"itemscope\" itemtype=\"https:\/\/schema.org\/ImageObject\" ><div class=\"avia-image-container-inner\"><div class=\"avia-image-overlay-wrap\"><a href=\"https:\/\/www.hotel-seeschau.de\/en\/wellness\/\" class='avia_image '  aria-label='pool_vorschau'><img decoding=\"async\" fetchpriority=\"high\" class='wp-image-551 avia-img-lazy-loading-not-551 avia_image ' src=\"https:\/\/www.hotel-seeschau.de\/wp-content\/uploads\/2015\/10\/pool_vorschau.jpg\" alt='' title='pool_vorschau'  height=\"300\" width=\"450\"  itemprop=\"thumbnailUrl\" srcset=\"https:\/\/www.hotel-seeschau.de\/wp-content\/uploads\/2015\/10\/pool_vorschau.jpg 450w, https:\/\/www.hotel-seeschau.de\/wp-content\/uploads\/2015\/10\/pool_vorschau-300x200.jpg 300w\" sizes=\"(max-width: 450px) 100vw, 450px\" \/><\/a><\/div><\/div><\/div><br \/>\n<section  class='av_textblock_section av-1vrgq-4b4a7421111baf4c6cab7b7c7aea5115 '   itemscope=\"itemscope\" itemtype=\"https:\/\/schema.org\/CreativeWork\" ><div class='avia_textblock'  itemprop=\"text\" ><h2 style=\"text-align: center; margin-bottom: -12px;\"><a href=\"https:\/\/www.hotel-seeschau.de\/en\/wellness\/\">WELLNESS<\/a><\/h2>\n<\/div><\/section><br \/>\n\n<style type=\"text\/css\" data-created_by=\"avia_inline_auto\" id=\"style-css-av-gz5yq-1117df4c7f1ccf1685ae41a85a8a30b0\">\n#top .hr.av-gz5yq-1117df4c7f1ccf1685ae41a85a8a30b0{\nmargin-top:0px;\nmargin-bottom:0px;\n}\n.hr.av-gz5yq-1117df4c7f1ccf1685ae41a85a8a30b0 .hr-inner{\nwidth:115px;;\nborder-color:#86c2eb;\n}\n<\/style>\n<div  class='hr av-gz5yq-1117df4c7f1ccf1685ae41a85a8a30b0 hr-custom  avia-builder-el-23  el_after_av_textblock  el_before_av_textblock  hr-center hr-icon-no'><span class='hr-inner inner-border-av-border-fat'><span class=\"hr-inner-style\"><\/span><\/span><\/div><br \/>\n<section  class='av_textblock_section av-b1rv6-f9e7041c6d6dd701e9912b0120b7f1a6 '   itemscope=\"itemscope\" itemtype=\"https:\/\/schema.org\/CreativeWork\" ><div class='avia_textblock'  itemprop=\"text\" ><p style=\"text-align: center;\">Set your mind, body and soul free and enjoy our intensive well-being treatments in a soothing ambience.<br \/>\n<a href=\"https:\/\/www.hotel-seeschau.de\/en\/wellness\/\">More.<\/a><\/p>\n<\/div><\/section><\/p><\/div>\n<\/div><\/div><\/div><!-- close content main div --><\/div><\/div><div id='after_section_1'  class='main_color av_default_container_wrap container_wrap sidebar_right'  ><div class='container av-section-cont-open' ><div class='template-page content  av-content-small alpha units'><div class='post-entry post-entry-type-page post-entry-546'><div class='entry-content-wrapper clearfix'>\n","protected":false},"excerpt":{"rendered":"","protected":false},"author":1,"featured_media":0,"parent":0,"menu_order":6,"comment_status":"closed","ping_status":"closed","template":"","meta":{"footnotes":""},"class_list":["post-546","page","type-page","status-publish","hentry"],"yoast_head":"<!-- This site is optimized with the Yoast SEO plugin v27.3 - https:\/\/yoast.com\/product\/yoast-seo-wordpress\/ -->\n<title>Home - Hotel Villa Seeschau \u2013 Meersburg am Bodensee<\/title>\n<meta name=\"robots\" content=\"index, follow, max-snippet:-1, max-image-preview:large, max-video-preview:-1\" \/>\n<link rel=\"canonical\" href=\"https:\/\/www.hotel-seeschau.de\/en\/\" \/>\n<meta property=\"og:locale\" content=\"en_US\" \/>\n<meta property=\"og:type\" content=\"article\" \/>\n<meta property=\"og:title\" content=\"Home - Hotel Villa Seeschau \u2013 Meersburg am Bodensee\" \/>\n<meta property=\"og:url\" content=\"https:\/\/www.hotel-seeschau.de\/en\/\" \/>\n<meta property=\"og:site_name\" content=\"Hotel Villa Seeschau \u2013 Meersburg am Bodensee\" \/>\n<meta property=\"article:modified_time\" content=\"2025-04-25T07:32:57+00:00\" \/>\n<meta property=\"og:image\" content=\"https:\/\/www.hotel-seeschau.de\/wp-content\/uploads\/2015\/10\/Bild-5.jpg\" \/>\n\t<meta property=\"og:image:width\" content=\"1000\" \/>\n\t<meta property=\"og:image:height\" content=\"667\" \/>\n\t<meta property=\"og:image:type\" content=\"image\/jpeg\" \/>\n<meta name=\"twitter:card\" content=\"summary_large_image\" \/>\n<meta name=\"twitter:label1\" content=\"Est. reading time\" \/>\n\t<meta name=\"twitter:data1\" content=\"3 minutes\" \/>\n<script type=\"application\/ld+json\" class=\"yoast-schema-graph\">{\"@context\":\"https:\\\/\\\/schema.org\",\"@graph\":[{\"@type\":\"WebPage\",\"@id\":\"https:\\\/\\\/www.hotel-seeschau.de\\\/en\\\/\",\"url\":\"https:\\\/\\\/www.hotel-seeschau.de\\\/en\\\/\",\"name\":\"Home - Hotel Villa Seeschau \u2013 Meersburg am Bodensee\",\"isPartOf\":{\"@id\":\"https:\\\/\\\/www.hotel-seeschau.de\\\/#website\"},\"datePublished\":\"2015-10-13T11:53:53+00:00\",\"dateModified\":\"2025-04-25T07:32:57+00:00\",\"breadcrumb\":{\"@id\":\"https:\\\/\\\/www.hotel-seeschau.de\\\/en\\\/#breadcrumb\"},\"inLanguage\":\"en-US\",\"potentialAction\":[{\"@type\":\"ReadAction\",\"target\":[\"https:\\\/\\\/www.hotel-seeschau.de\\\/en\\\/\"]}]},{\"@type\":\"BreadcrumbList\",\"@id\":\"https:\\\/\\\/www.hotel-seeschau.de\\\/en\\\/#breadcrumb\",\"itemListElement\":[{\"@type\":\"ListItem\",\"position\":1,\"name\":\"Home\",\"item\":\"https:\\\/\\\/www.hotel-seeschau.de\\\/en\\\/\"},{\"@type\":\"ListItem\",\"position\":2,\"name\":\"Home\"}]},{\"@type\":\"WebSite\",\"@id\":\"https:\\\/\\\/www.hotel-seeschau.de\\\/#website\",\"url\":\"https:\\\/\\\/www.hotel-seeschau.de\\\/\",\"name\":\"Hotel Villa Seeschau \u2013 Meersburg am Bodensee\",\"description\":\"Diskret, luxuri\u00f6s, charmant und exklusiv. Mit majest\u00e4tischem Blick \u00fcber den Bodensee, verborgen in einer weitl\u00e4ufigen Parkanlage erf\u00fcllt das Hotel Villa Seeschau h\u00f6chste Anspr\u00fcche.\",\"potentialAction\":[{\"@type\":\"SearchAction\",\"target\":{\"@type\":\"EntryPoint\",\"urlTemplate\":\"https:\\\/\\\/www.hotel-seeschau.de\\\/?s={search_term_string}\"},\"query-input\":{\"@type\":\"PropertyValueSpecification\",\"valueRequired\":true,\"valueName\":\"search_term_string\"}}],\"inLanguage\":\"en-US\"}]}<\/script>\n<!-- \/ Yoast SEO plugin. -->","yoast_head_json":{"title":"Home - Hotel Villa Seeschau \u2013 Meersburg am Bodensee","robots":{"index":"index","follow":"follow","max-snippet":"max-snippet:-1","max-image-preview":"max-image-preview:large","max-video-preview":"max-video-preview:-1"},"canonical":"https:\/\/www.hotel-seeschau.de\/en\/","og_locale":"en_US","og_type":"article","og_title":"Home - Hotel Villa Seeschau \u2013 Meersburg am Bodensee","og_url":"https:\/\/www.hotel-seeschau.de\/en\/","og_site_name":"Hotel Villa Seeschau \u2013 Meersburg am Bodensee","article_modified_time":"2025-04-25T07:32:57+00:00","og_image":[{"width":1000,"height":667,"url":"https:\/\/www.hotel-seeschau.de\/wp-content\/uploads\/2015\/10\/Bild-5.jpg","type":"image\/jpeg"}],"twitter_card":"summary_large_image","twitter_misc":{"Est. reading time":"3 minutes"},"schema":{"@context":"https:\/\/schema.org","@graph":[{"@type":"WebPage","@id":"https:\/\/www.hotel-seeschau.de\/en\/","url":"https:\/\/www.hotel-seeschau.de\/en\/","name":"Home - Hotel Villa Seeschau \u2013 Meersburg am Bodensee","isPartOf":{"@id":"https:\/\/www.hotel-seeschau.de\/#website"},"datePublished":"2015-10-13T11:53:53+00:00","dateModified":"2025-04-25T07:32:57+00:00","breadcrumb":{"@id":"https:\/\/www.hotel-seeschau.de\/en\/#breadcrumb"},"inLanguage":"en-US","potentialAction":[{"@type":"ReadAction","target":["https:\/\/www.hotel-seeschau.de\/en\/"]}]},{"@type":"BreadcrumbList","@id":"https:\/\/www.hotel-seeschau.de\/en\/#breadcrumb","itemListElement":[{"@type":"ListItem","position":1,"name":"Home","item":"https:\/\/www.hotel-seeschau.de\/en\/"},{"@type":"ListItem","position":2,"name":"Home"}]},{"@type":"WebSite","@id":"https:\/\/www.hotel-seeschau.de\/#website","url":"https:\/\/www.hotel-seeschau.de\/","name":"Hotel Villa Seeschau \u2013 Meersburg am Bodensee","description":"Diskret, luxuri\u00f6s, charmant und exklusiv. Mit majest\u00e4tischem Blick \u00fcber den Bodensee, verborgen in einer weitl\u00e4ufigen Parkanlage erf\u00fcllt das Hotel Villa Seeschau h\u00f6chste Anspr\u00fcche.","potentialAction":[{"@type":"SearchAction","target":{"@type":"EntryPoint","urlTemplate":"https:\/\/www.hotel-seeschau.de\/?s={search_term_string}"},"query-input":{"@type":"PropertyValueSpecification","valueRequired":true,"valueName":"search_term_string"}}],"inLanguage":"en-US"}]}},"_links":{"self":[{"href":"https:\/\/www.hotel-seeschau.de\/en\/wp-json\/wp\/v2\/pages\/546","targetHints":{"allow":["GET"]}}],"collection":[{"href":"https:\/\/www.hotel-seeschau.de\/en\/wp-json\/wp\/v2\/pages"}],"about":[{"href":"https:\/\/www.hotel-seeschau.de\/en\/wp-json\/wp\/v2\/types\/page"}],"author":[{"embeddable":true,"href":"https:\/\/www.hotel-seeschau.de\/en\/wp-json\/wp\/v2\/users\/1"}],"replies":[{"embeddable":true,"href":"https:\/\/www.hotel-seeschau.de\/en\/wp-json\/wp\/v2\/comments?post=546"}],"version-history":[{"count":10,"href":"https:\/\/www.hotel-seeschau.de\/en\/wp-json\/wp\/v2\/pages\/546\/revisions"}],"predecessor-version":[{"id":1897,"href":"https:\/\/www.hotel-seeschau.de\/en\/wp-json\/wp\/v2\/pages\/546\/revisions\/1897"}],"wp:attachment":[{"href":"https:\/\/www.hotel-seeschau.de\/en\/wp-json\/wp\/v2\/media?parent=546"}],"curies":[{"name":"wp","href":"https:\/\/api.w.org\/{rel}","templated":true}]}}