{"id":1698,"date":"2023-01-26T16:45:13","date_gmt":"2023-01-26T15:45:13","guid":{"rendered":"https:\/\/www.hotel-seeschau.de\/?page_id=1698"},"modified":"2023-01-26T16:45:15","modified_gmt":"2023-01-26T15:45:15","slug":"good-to-know","status":"publish","type":"page","link":"https:\/\/www.hotel-seeschau.de\/en\/rooms-suites\/good-to-know\/","title":{"rendered":"Good to know"},"content":{"rendered":"\n<style type=\"text\/css\" data-created_by=\"avia_inline_auto\" id=\"style-css-av-67hhft-13f1627695546e34be84de04df52356a\">\n.avia-section.av-67hhft-13f1627695546e34be84de04df52356a{\nbackground-color:#f3f9fd;\nbackground-image:unset;\n}\n<\/style>\n<div id='av_section_1'  class='avia-section av-67hhft-13f1627695546e34be84de04df52356a main_color avia-section-small avia-no-shadow  avia-builder-el-0  el_before_av_one_full  avia-builder-el-first  avia-bg-style-scroll container_wrap sidebar_right'  ><div class='container av-section-cont-open' ><main  role=\"main\" itemprop=\"mainContentOfPage\"  class='template-page content  av-content-small alpha units'><div class='post-entry post-entry-type-page post-entry-1698'><div class='entry-content-wrapper clearfix'>\n\n<style type=\"text\/css\" data-created_by=\"avia_inline_auto\" id=\"style-css-av-60pt29-8057924a1d2dae2dde2a7e7a93afa35b\">\n.flex_column.av-60pt29-8057924a1d2dae2dde2a7e7a93afa35b{\nborder-radius:0px 0px 0px 0px;\npadding:0px 0px 0px 0px;\n}\n<\/style>\n<div  class='flex_column av-60pt29-8057924a1d2dae2dde2a7e7a93afa35b av_one_full  avia-builder-el-1  avia-builder-el-no-sibling  first flex_column_div av-zero-column-padding  '     ><section  class='av_textblock_section av-5tiiyh-ce862cdd50ec4adfafa062a1cb17fcc6 '   itemscope=\"itemscope\" itemtype=\"https:\/\/schema.org\/CreativeWork\" ><div class='avia_textblock'  itemprop=\"text\" ><div id=\"d21-quickbook\"><\/div>\n<\/div><\/section><\/div>\n<\/div><\/div><\/main><!-- close content main element --><\/div><\/div><div id='after_section_1'  class='main_color av_default_container_wrap container_wrap sidebar_right'  ><div class='container av-section-cont-open' ><div class='template-page content  av-content-small alpha units'><div class='post-entry post-entry-type-page post-entry-1698'><div class='entry-content-wrapper clearfix'>\n\n<style type=\"text\/css\" data-created_by=\"avia_inline_auto\" id=\"style-css-av-kj7z5-a235cdbd4d62d8ebb4086c89f6b23e94\">\n.flex_column.av-kj7z5-a235cdbd4d62d8ebb4086c89f6b23e94{\nborder-radius:0px 0px 0px 0px;\npadding:0px 0px 0px 0px;\n}\n<\/style>\n<div  class='flex_column av-kj7z5-a235cdbd4d62d8ebb4086c89f6b23e94 av_one_full  avia-builder-el-3  el_after_av_section  el_before_av_one_half  avia-builder-el-first  first flex_column_div av-zero-column-padding  '     ><section  class='av_textblock_section av-k215d-33b9b9999a28041248d521e0c810a85d '   itemscope=\"itemscope\" itemtype=\"https:\/\/schema.org\/CreativeWork\" ><div class='avia_textblock'  itemprop=\"text\" ><h1 style=\"text-align: center;\">Good to know<\/h1>\n<\/div><\/section><br \/>\n\n<style type=\"text\/css\" data-created_by=\"avia_inline_auto\" id=\"style-css-av-5gaw9t-de16fe2f81ede016a3e326c1b2bba9db\">\n#top .hr.av-5gaw9t-de16fe2f81ede016a3e326c1b2bba9db{\nmargin-top:0px;\nmargin-bottom:15px;\n}\n.hr.av-5gaw9t-de16fe2f81ede016a3e326c1b2bba9db .hr-inner{\nwidth:120px;\nborder-color:#86c2eb;\n}\n<\/style>\n<div  class='hr av-5gaw9t-de16fe2f81ede016a3e326c1b2bba9db hr-custom  avia-builder-el-5  el_after_av_textblock  avia-builder-el-last  hr-center hr-icon-no'><span class='hr-inner inner-border-av-border-fat'><span class=\"hr-inner-style\"><\/span><\/span><\/div><\/p><\/div>\n<style type=\"text\/css\" data-created_by=\"avia_inline_auto\" id=\"style-css-av-4luc6x-1cbd46c4cdbe1ac97e4ffb78f80d9432\">\n.flex_column.av-4luc6x-1cbd46c4cdbe1ac97e4ffb78f80d9432{\nborder-radius:0px 0px 0px 0px;\npadding:0px 0px 0px 0px;\n}\n<\/style>\n<div  class='flex_column av-4luc6x-1cbd46c4cdbe1ac97e4ffb78f80d9432 av_one_half  avia-builder-el-6  el_after_av_one_full  avia-builder-el-last  first flex_column_div av-zero-column-padding  column-top-margin'     ><p><section  class='av_textblock_section av-ld1holx0-7bb21874f2251ec770b96f1ae05649c9 '   itemscope=\"itemscope\" itemtype=\"https:\/\/schema.org\/CreativeWork\" ><div class='avia_textblock'  itemprop=\"text\" ><p>Did you know that you can save money by booking directly in house with the same conditions?<\/p>\n<p><strong>Example:<\/strong><\/p>\n<p>Double room Classic<\/p>\n<p>250,- Euro per night via our homepage<br \/>\n287,50 Euro per night via another site<\/p>\n<p>The difference of 37,50 Euro per night corresponds to the fees charged to us by these providers.<\/p>\n<p>The modern rooms with flat screen TV have a balcony or terrace and garden or lake view. A private bathroom is among the amenities, as are spa massages in the pavilion.<\/p>\n<\/div><\/section><br \/>\n<div  class='avia-button-wrap av-ld1hqnin-21798eb56dc3131f9a62eedd4389629e-wrap avia-button-left  avia-builder-el-8  el_after_av_textblock  avia-builder-el-last '><a href='https:\/\/www.hotel-seeschau.de\/en\/rooms-suites\/classic\/'  class='avia-button av-ld1hqnin-21798eb56dc3131f9a62eedd4389629e av-link-btn avia-icon_select-no avia-size-large avia-position-left avia-color-theme-color'  target=\"_blank\"  rel=\"noopener noreferrer\"  aria-label=\"Request availability \"><span class='avia_iconbox_title' >Request availability <\/span><\/a><\/div><\/p><\/div><\/p>\n","protected":false},"excerpt":{"rendered":"","protected":false},"author":1,"featured_media":0,"parent":554,"menu_order":9,"comment_status":"closed","ping_status":"closed","template":"","meta":{"footnotes":""},"class_list":["post-1698","page","type-page","status-publish","hentry"],"yoast_head":"<!-- This site is optimized with the Yoast SEO plugin v27.3 - https:\/\/yoast.com\/product\/yoast-seo-wordpress\/ -->\n<title>Good to know - Hotel Villa Seeschau \u2013 Meersburg am Bodensee<\/title>\n<meta name=\"description\" content=\"Ein Zimmer f\u00fcr zwei mit Safe, einer Schreibm\u00f6glichkeit, einer Espressomaschine, einem komfortablen 1,80m Boxspringbett und Regendusche f\u00fcr entspannende Momente.\" \/>\n<meta name=\"robots\" content=\"index, follow, max-snippet:-1, max-image-preview:large, max-video-preview:-1\" \/>\n<link rel=\"canonical\" href=\"https:\/\/www.hotel-seeschau.de\/en\/rooms-suites\/good-to-know\/\" \/>\n<meta property=\"og:locale\" content=\"en_US\" \/>\n<meta property=\"og:type\" content=\"article\" \/>\n<meta property=\"og:title\" content=\"Good to know - Hotel Villa Seeschau \u2013 Meersburg am Bodensee\" \/>\n<meta property=\"og:description\" content=\"Ein Zimmer f\u00fcr zwei mit Safe, einer Schreibm\u00f6glichkeit, einer Espressomaschine, einem komfortablen 1,80m Boxspringbett und Regendusche f\u00fcr entspannende Momente.\" \/>\n<meta property=\"og:url\" content=\"https:\/\/www.hotel-seeschau.de\/en\/rooms-suites\/good-to-know\/\" \/>\n<meta property=\"og:site_name\" content=\"Hotel Villa Seeschau \u2013 Meersburg am Bodensee\" \/>\n<meta property=\"article:modified_time\" content=\"2023-01-26T15:45:15+00:00\" \/>\n<meta property=\"og:image\" content=\"https:\/\/www.hotel-seeschau.de\/wp-content\/uploads\/2015\/10\/Bild-5.jpg\" \/>\n\t<meta property=\"og:image:width\" content=\"1000\" \/>\n\t<meta property=\"og:image:height\" content=\"667\" \/>\n\t<meta property=\"og:image:type\" content=\"image\/jpeg\" \/>\n<meta name=\"twitter:card\" content=\"summary_large_image\" \/>\n<meta name=\"twitter:label1\" content=\"Est. reading time\" \/>\n\t<meta name=\"twitter:data1\" content=\"2 minutes\" \/>\n<script type=\"application\/ld+json\" class=\"yoast-schema-graph\">{\"@context\":\"https:\\\/\\\/schema.org\",\"@graph\":[{\"@type\":\"WebPage\",\"@id\":\"https:\\\/\\\/www.hotel-seeschau.de\\\/en\\\/rooms-suites\\\/good-to-know\\\/\",\"url\":\"https:\\\/\\\/www.hotel-seeschau.de\\\/en\\\/rooms-suites\\\/good-to-know\\\/\",\"name\":\"Good to know - Hotel Villa Seeschau \u2013 Meersburg am Bodensee\",\"isPartOf\":{\"@id\":\"https:\\\/\\\/www.hotel-seeschau.de\\\/#website\"},\"datePublished\":\"2023-01-26T15:45:13+00:00\",\"dateModified\":\"2023-01-26T15:45:15+00:00\",\"description\":\"Ein Zimmer f\u00fcr zwei mit Safe, einer Schreibm\u00f6glichkeit, einer Espressomaschine, einem komfortablen 1,80m Boxspringbett und Regendusche f\u00fcr entspannende Momente.\",\"breadcrumb\":{\"@id\":\"https:\\\/\\\/www.hotel-seeschau.de\\\/en\\\/rooms-suites\\\/good-to-know\\\/#breadcrumb\"},\"inLanguage\":\"en-US\",\"potentialAction\":[{\"@type\":\"ReadAction\",\"target\":[\"https:\\\/\\\/www.hotel-seeschau.de\\\/en\\\/rooms-suites\\\/good-to-know\\\/\"]}]},{\"@type\":\"BreadcrumbList\",\"@id\":\"https:\\\/\\\/www.hotel-seeschau.de\\\/en\\\/rooms-suites\\\/good-to-know\\\/#breadcrumb\",\"itemListElement\":[{\"@type\":\"ListItem\",\"position\":1,\"name\":\"Home\",\"item\":\"https:\\\/\\\/www.hotel-seeschau.de\\\/en\\\/\"},{\"@type\":\"ListItem\",\"position\":2,\"name\":\"Rooms &#038; Suites\",\"item\":\"https:\\\/\\\/www.hotel-seeschau.de\\\/en\\\/rooms-suites\\\/\"},{\"@type\":\"ListItem\",\"position\":3,\"name\":\"Good to know\"}]},{\"@type\":\"WebSite\",\"@id\":\"https:\\\/\\\/www.hotel-seeschau.de\\\/#website\",\"url\":\"https:\\\/\\\/www.hotel-seeschau.de\\\/\",\"name\":\"Hotel Villa Seeschau \u2013 Meersburg am Bodensee\",\"description\":\"Diskret, luxuri\u00f6s, charmant und exklusiv. Mit majest\u00e4tischem Blick \u00fcber den Bodensee, verborgen in einer weitl\u00e4ufigen Parkanlage erf\u00fcllt das Hotel Villa Seeschau h\u00f6chste Anspr\u00fcche.\",\"potentialAction\":[{\"@type\":\"SearchAction\",\"target\":{\"@type\":\"EntryPoint\",\"urlTemplate\":\"https:\\\/\\\/www.hotel-seeschau.de\\\/?s={search_term_string}\"},\"query-input\":{\"@type\":\"PropertyValueSpecification\",\"valueRequired\":true,\"valueName\":\"search_term_string\"}}],\"inLanguage\":\"en-US\"}]}<\/script>\n<!-- \/ Yoast SEO plugin. -->","yoast_head_json":{"title":"Good to know - Hotel Villa Seeschau \u2013 Meersburg am Bodensee","description":"Ein Zimmer f\u00fcr zwei mit Safe, einer Schreibm\u00f6glichkeit, einer Espressomaschine, einem komfortablen 1,80m Boxspringbett und Regendusche f\u00fcr entspannende Momente.","robots":{"index":"index","follow":"follow","max-snippet":"max-snippet:-1","max-image-preview":"max-image-preview:large","max-video-preview":"max-video-preview:-1"},"canonical":"https:\/\/www.hotel-seeschau.de\/en\/rooms-suites\/good-to-know\/","og_locale":"en_US","og_type":"article","og_title":"Good to know - Hotel Villa Seeschau \u2013 Meersburg am Bodensee","og_description":"Ein Zimmer f\u00fcr zwei mit Safe, einer Schreibm\u00f6glichkeit, einer Espressomaschine, einem komfortablen 1,80m Boxspringbett und Regendusche f\u00fcr entspannende Momente.","og_url":"https:\/\/www.hotel-seeschau.de\/en\/rooms-suites\/good-to-know\/","og_site_name":"Hotel Villa Seeschau \u2013 Meersburg am Bodensee","article_modified_time":"2023-01-26T15:45:15+00:00","og_image":[{"width":1000,"height":667,"url":"https:\/\/www.hotel-seeschau.de\/wp-content\/uploads\/2015\/10\/Bild-5.jpg","type":"image\/jpeg"}],"twitter_card":"summary_large_image","twitter_misc":{"Est. reading time":"2 minutes"},"schema":{"@context":"https:\/\/schema.org","@graph":[{"@type":"WebPage","@id":"https:\/\/www.hotel-seeschau.de\/en\/rooms-suites\/good-to-know\/","url":"https:\/\/www.hotel-seeschau.de\/en\/rooms-suites\/good-to-know\/","name":"Good to know - Hotel Villa Seeschau \u2013 Meersburg am Bodensee","isPartOf":{"@id":"https:\/\/www.hotel-seeschau.de\/#website"},"datePublished":"2023-01-26T15:45:13+00:00","dateModified":"2023-01-26T15:45:15+00:00","description":"Ein Zimmer f\u00fcr zwei mit Safe, einer Schreibm\u00f6glichkeit, einer Espressomaschine, einem komfortablen 1,80m Boxspringbett und Regendusche f\u00fcr entspannende Momente.","breadcrumb":{"@id":"https:\/\/www.hotel-seeschau.de\/en\/rooms-suites\/good-to-know\/#breadcrumb"},"inLanguage":"en-US","potentialAction":[{"@type":"ReadAction","target":["https:\/\/www.hotel-seeschau.de\/en\/rooms-suites\/good-to-know\/"]}]},{"@type":"BreadcrumbList","@id":"https:\/\/www.hotel-seeschau.de\/en\/rooms-suites\/good-to-know\/#breadcrumb","itemListElement":[{"@type":"ListItem","position":1,"name":"Home","item":"https:\/\/www.hotel-seeschau.de\/en\/"},{"@type":"ListItem","position":2,"name":"Rooms &#038; Suites","item":"https:\/\/www.hotel-seeschau.de\/en\/rooms-suites\/"},{"@type":"ListItem","position":3,"name":"Good to know"}]},{"@type":"WebSite","@id":"https:\/\/www.hotel-seeschau.de\/#website","url":"https:\/\/www.hotel-seeschau.de\/","name":"Hotel Villa Seeschau \u2013 Meersburg am Bodensee","description":"Diskret, luxuri\u00f6s, charmant und exklusiv. Mit majest\u00e4tischem Blick \u00fcber den Bodensee, verborgen in einer weitl\u00e4ufigen Parkanlage erf\u00fcllt das Hotel Villa Seeschau h\u00f6chste Anspr\u00fcche.","potentialAction":[{"@type":"SearchAction","target":{"@type":"EntryPoint","urlTemplate":"https:\/\/www.hotel-seeschau.de\/?s={search_term_string}"},"query-input":{"@type":"PropertyValueSpecification","valueRequired":true,"valueName":"search_term_string"}}],"inLanguage":"en-US"}]}},"_links":{"self":[{"href":"https:\/\/www.hotel-seeschau.de\/en\/wp-json\/wp\/v2\/pages\/1698","targetHints":{"allow":["GET"]}}],"collection":[{"href":"https:\/\/www.hotel-seeschau.de\/en\/wp-json\/wp\/v2\/pages"}],"about":[{"href":"https:\/\/www.hotel-seeschau.de\/en\/wp-json\/wp\/v2\/types\/page"}],"author":[{"embeddable":true,"href":"https:\/\/www.hotel-seeschau.de\/en\/wp-json\/wp\/v2\/users\/1"}],"replies":[{"embeddable":true,"href":"https:\/\/www.hotel-seeschau.de\/en\/wp-json\/wp\/v2\/comments?post=1698"}],"version-history":[{"count":4,"href":"https:\/\/www.hotel-seeschau.de\/en\/wp-json\/wp\/v2\/pages\/1698\/revisions"}],"predecessor-version":[{"id":1712,"href":"https:\/\/www.hotel-seeschau.de\/en\/wp-json\/wp\/v2\/pages\/1698\/revisions\/1712"}],"up":[{"embeddable":true,"href":"https:\/\/www.hotel-seeschau.de\/en\/wp-json\/wp\/v2\/pages\/554"}],"wp:attachment":[{"href":"https:\/\/www.hotel-seeschau.de\/en\/wp-json\/wp\/v2\/media?parent=1698"}],"curies":[{"name":"wp","href":"https:\/\/api.w.org\/{rel}","templated":true}]}}