{"id":1592,"date":"2023-01-18T12:34:05","date_gmt":"2023-01-18T11:34:05","guid":{"rendered":"https:\/\/www.hotel-seeschau.de\/?page_id=1592"},"modified":"2025-02-21T10:39:27","modified_gmt":"2025-02-21T09:39:27","slug":"special-offers","status":"publish","type":"page","link":"https:\/\/www.hotel-seeschau.de\/en\/rooms-suites\/special-offers\/","title":{"rendered":"Special offers"},"content":{"rendered":"\n<style type=\"text\/css\" data-created_by=\"avia_inline_auto\" id=\"style-css-av-67hhft-13f1627695546e34be84de04df52356a\">\n.avia-section.av-67hhft-13f1627695546e34be84de04df52356a{\nbackground-color:#f3f9fd;\nbackground-image:unset;\n}\n<\/style>\n<div id='av_section_1'  class='avia-section av-67hhft-13f1627695546e34be84de04df52356a main_color avia-section-small avia-no-shadow  avia-builder-el-0  el_before_av_one_full  avia-builder-el-first  avia-bg-style-scroll container_wrap sidebar_right'  ><div class='container av-section-cont-open' ><main  role=\"main\" itemprop=\"mainContentOfPage\"  class='template-page content  av-content-small alpha units'><div class='post-entry post-entry-type-page post-entry-1592'><div class='entry-content-wrapper clearfix'>\n\n<style type=\"text\/css\" data-created_by=\"avia_inline_auto\" id=\"style-css-av-60pt29-8057924a1d2dae2dde2a7e7a93afa35b\">\n.flex_column.av-60pt29-8057924a1d2dae2dde2a7e7a93afa35b{\nborder-radius:0px 0px 0px 0px;\npadding:0px 0px 0px 0px;\n}\n<\/style>\n<div  class='flex_column av-60pt29-8057924a1d2dae2dde2a7e7a93afa35b av_one_full  avia-builder-el-1  avia-builder-el-no-sibling  first flex_column_div av-zero-column-padding  '     ><section  class='av_textblock_section av-5tiiyh-ce862cdd50ec4adfafa062a1cb17fcc6 '   itemscope=\"itemscope\" itemtype=\"https:\/\/schema.org\/CreativeWork\" ><div class='avia_textblock'  itemprop=\"text\" ><div id=\"d21-quickbook\"><\/div>\n<\/div><\/section><\/div>\n<\/div><\/div><\/main><!-- close content main element --><\/div><\/div><div id='after_section_1'  class='main_color av_default_container_wrap container_wrap sidebar_right'  ><div class='container av-section-cont-open' ><div class='template-page content  av-content-small alpha units'><div class='post-entry post-entry-type-page post-entry-1592'><div class='entry-content-wrapper clearfix'>\n\n<style type=\"text\/css\" data-created_by=\"avia_inline_auto\" id=\"style-css-av-kj7z5-a235cdbd4d62d8ebb4086c89f6b23e94\">\n.flex_column.av-kj7z5-a235cdbd4d62d8ebb4086c89f6b23e94{\nborder-radius:0px 0px 0px 0px;\npadding:0px 0px 0px 0px;\n}\n<\/style>\n<div  class='flex_column av-kj7z5-a235cdbd4d62d8ebb4086c89f6b23e94 av_one_full  avia-builder-el-3  el_after_av_section  el_before_av_one_half  avia-builder-el-first  first flex_column_div av-zero-column-padding  '     ><section  class='av_textblock_section av-k215d-33b9b9999a28041248d521e0c810a85d '   itemscope=\"itemscope\" itemtype=\"https:\/\/schema.org\/CreativeWork\" ><div class='avia_textblock'  itemprop=\"text\" ><h1 style=\"text-align: center;\">Special offers<\/h1>\n<\/div><\/section><br \/>\n\n<style type=\"text\/css\" data-created_by=\"avia_inline_auto\" id=\"style-css-av-5gaw9t-de16fe2f81ede016a3e326c1b2bba9db\">\n#top .hr.av-5gaw9t-de16fe2f81ede016a3e326c1b2bba9db{\nmargin-top:0px;\nmargin-bottom:15px;\n}\n.hr.av-5gaw9t-de16fe2f81ede016a3e326c1b2bba9db .hr-inner{\nwidth:120px;\nborder-color:#86c2eb;\n}\n<\/style>\n<div  class='hr av-5gaw9t-de16fe2f81ede016a3e326c1b2bba9db hr-custom  avia-builder-el-5  el_after_av_textblock  avia-builder-el-last  hr-center hr-icon-no'><span class='hr-inner inner-border-av-border-fat'><span class=\"hr-inner-style\"><\/span><\/span><\/div><\/p><\/div>\n\n<style type=\"text\/css\" data-created_by=\"avia_inline_auto\" id=\"style-css-av-4luc6x-1cbd46c4cdbe1ac97e4ffb78f80d9432\">\n.flex_column.av-4luc6x-1cbd46c4cdbe1ac97e4ffb78f80d9432{\nborder-radius:0px 0px 0px 0px;\npadding:0px 0px 0px 0px;\n}\n<\/style>\n<div  class='flex_column av-4luc6x-1cbd46c4cdbe1ac97e4ffb78f80d9432 av_one_half  avia-builder-el-6  el_after_av_one_full  el_before_av_one_half  first flex_column_div av-zero-column-padding  column-top-margin'     ><p>\n<style type=\"text\/css\" data-created_by=\"avia_inline_auto\" id=\"style-css-av-ld1hmv06-42c838e6861574ca8c50080c0f8de50c\">\n.avia-image-container.av-ld1hmv06-42c838e6861574ca8c50080c0f8de50c img.avia_image{\nbox-shadow:none;\n}\n.avia-image-container.av-ld1hmv06-42c838e6861574ca8c50080c0f8de50c .av-image-caption-overlay-center{\ncolor:#ffffff;\n}\n<\/style>\n<div  class='avia-image-container av-ld1hmv06-42c838e6861574ca8c50080c0f8de50c av-styling- avia-align-center  avia-builder-el-7  el_before_av_textblock  avia-builder-el-first '   itemprop=\"image\" itemscope=\"itemscope\" itemtype=\"https:\/\/schema.org\/ImageObject\" ><div class=\"avia-image-container-inner\"><div class=\"avia-image-overlay-wrap\"><img decoding=\"async\" fetchpriority=\"high\" class='wp-image-1606 avia-img-lazy-loading-not-1606 avia_image ' src=\"https:\/\/www.hotel-seeschau.de\/wp-content\/uploads\/2023\/01\/panorama-g1ee9b4751_1280.jpg\" alt='' title='panorama-g1ee9b4751_1280'  height=\"408\" width=\"652\"  itemprop=\"thumbnailUrl\" srcset=\"https:\/\/www.hotel-seeschau.de\/wp-content\/uploads\/2023\/01\/panorama-g1ee9b4751_1280.jpg 652w, https:\/\/www.hotel-seeschau.de\/wp-content\/uploads\/2023\/01\/panorama-g1ee9b4751_1280-300x188.jpg 300w\" sizes=\"(max-width: 652px) 100vw, 652px\" \/><\/div><\/div><\/div><br \/>\n<section  class='av_textblock_section av-ld1holx0-cfd7683dcf3917423ebec0262dcebc4e '   itemscope=\"itemscope\" itemtype=\"https:\/\/schema.org\/CreativeWork\" ><div class='avia_textblock'  itemprop=\"text\" ><h3>Spring &#8211; Special<\/h3>\n<p>Who said that Meersburg is only beautiful in summer? Discover Meersburg in spring without the tourist crowds and enjoy the beauty and tranquillity of Lake Constance and its landscape.<\/p>\n<p><strong>Book now 4 nights and pay only 3!<\/strong><\/p>\n<p><strong>The offer includes:<\/strong><\/p>\n<ul>\n<li>1 night free for stays of 4 nights or more.<\/li>\n<li>Breakfast buffet<\/li>\n<li>Welcome snack<\/li>\n<\/ul>\n<p>Offer <strong>valid from 21 March to 30 April<\/strong> 2025 (inclusive) with the exception of Easter 18.4. -21.4.2025<\/p>\n<\/div><\/section><br \/>\n<div  class='avia-button-wrap av-ld1hqnin-21798eb56dc3131f9a62eedd4389629e-wrap avia-button-left  avia-builder-el-9  el_after_av_textblock  avia-builder-el-last '><a href='https:\/\/www.hotel-seeschau.de\/en\/rooms-suites\/classic\/'  class='avia-button av-ld1hqnin-21798eb56dc3131f9a62eedd4389629e av-link-btn avia-icon_select-no avia-size-large avia-position-left avia-color-theme-color'  target=\"_blank\"  rel=\"noopener noreferrer\"  aria-label=\"Request availability \"><span class='avia_iconbox_title' >Request availability <\/span><\/a><\/div><\/p><\/div><div  class='flex_column av-42ft6f-f37f8e7979291a2afd5c620d74659c2b av_one_half  avia-builder-el-10  el_after_av_one_half  avia-builder-el-last  flex_column_div  column-top-margin'     ><p>\n<style type=\"text\/css\" data-created_by=\"avia_inline_auto\" id=\"style-css-av-ld1hn4y8-57adb70c216ccea9f2d53e7cd975661f\">\n.avia-image-container.av-ld1hn4y8-57adb70c216ccea9f2d53e7cd975661f img.avia_image{\nbox-shadow:none;\n}\n.avia-image-container.av-ld1hn4y8-57adb70c216ccea9f2d53e7cd975661f .av-image-caption-overlay-center{\ncolor:#ffffff;\n}\n<\/style>\n<div  class='avia-image-container av-ld1hn4y8-57adb70c216ccea9f2d53e7cd975661f av-styling- avia-align-center  avia-builder-el-11  el_before_av_textblock  avia-builder-el-first '   itemprop=\"image\" itemscope=\"itemscope\" itemtype=\"https:\/\/schema.org\/ImageObject\" ><div class=\"avia-image-container-inner\"><div class=\"avia-image-overlay-wrap\"><img decoding=\"async\" fetchpriority=\"high\" class='wp-image-1608 avia-img-lazy-loading-not-1608 avia_image ' src=\"https:\/\/www.hotel-seeschau.de\/wp-content\/uploads\/2023\/01\/lake-constance-gcf005c1da_1280-1030x667.jpg\" alt='' title='lake-constance-gcf005c1da_1280'  height=\"667\" width=\"1030\"  itemprop=\"thumbnailUrl\" srcset=\"https:\/\/www.hotel-seeschau.de\/wp-content\/uploads\/2023\/01\/lake-constance-gcf005c1da_1280-1030x667.jpg 1030w, https:\/\/www.hotel-seeschau.de\/wp-content\/uploads\/2023\/01\/lake-constance-gcf005c1da_1280-300x194.jpg 300w, https:\/\/www.hotel-seeschau.de\/wp-content\/uploads\/2023\/01\/lake-constance-gcf005c1da_1280-768x497.jpg 768w, https:\/\/www.hotel-seeschau.de\/wp-content\/uploads\/2023\/01\/lake-constance-gcf005c1da_1280-705x457.jpg 705w, https:\/\/www.hotel-seeschau.de\/wp-content\/uploads\/2023\/01\/lake-constance-gcf005c1da_1280.jpg 1280w\" sizes=\"(max-width: 1030px) 100vw, 1030px\" \/><\/div><\/div><\/div><br \/>\n<section  class='av_textblock_section av-ld1hp255-041ced6ca2a73dcae02867cda276215f '   itemscope=\"itemscope\" itemtype=\"https:\/\/schema.org\/CreativeWork\" ><div class='avia_textblock'  itemprop=\"text\" ><h3>October \/ November Special<\/h3>\n<p>Summer never ends in Meersburg on Lake Constance, even in November you can enjoy the magic of Lake Constance and experience the authentic side of Meersburg at your leisure.<strong> Book a stay of at least four nights and only pay for three<\/strong>, because we give you one night for free!<\/p>\n<h5>This offer includes:<\/h5>\n<ul>\n<li>1 night free for stays of 4 nights or more<\/li>\n<li>Breakfast buffet<\/li>\n<li>Welcome snack<\/li>\n<\/ul>\n<p>Offer <strong>valid from 12 October to 12 November 2025<\/strong> (inclusive).<\/p>\n<p>.<\/p>\n<\/div><\/section><br \/>\n<div  class='avia-button-wrap av-1tk2nb-06329c982bf9c3caac308353c5605352-wrap avia-button-left  avia-builder-el-13  el_after_av_textblock  avia-builder-el-last '><a href='https:\/\/www.hotel-seeschau.de\/en\/rooms-suites\/classic\/'  class='avia-button av-1tk2nb-06329c982bf9c3caac308353c5605352 av-link-btn avia-icon_select-no avia-size-large avia-position-left avia-color-theme-color'  target=\"_blank\"  rel=\"noopener noreferrer\"  aria-label=\"Request availability \"><span class='avia_iconbox_title' >Request availability <\/span><\/a><\/div><\/p><\/div><\/p>\n","protected":false},"excerpt":{"rendered":"","protected":false},"author":1,"featured_media":0,"parent":554,"menu_order":10,"comment_status":"closed","ping_status":"closed","template":"","meta":{"footnotes":""},"class_list":["post-1592","page","type-page","status-publish","hentry"],"yoast_head":"<!-- This site is optimized with the Yoast SEO plugin v27.3 - https:\/\/yoast.com\/product\/yoast-seo-wordpress\/ -->\n<title>Special offers - Hotel Villa Seeschau \u2013 Meersburg am Bodensee<\/title>\n<meta name=\"description\" content=\"Ein Zimmer f\u00fcr zwei mit Safe, einer Schreibm\u00f6glichkeit, einer Espressomaschine, einem komfortablen 1,80m Boxspringbett und Regendusche f\u00fcr entspannende Momente.\" \/>\n<meta name=\"robots\" content=\"index, follow, max-snippet:-1, max-image-preview:large, max-video-preview:-1\" \/>\n<link rel=\"canonical\" href=\"https:\/\/www.hotel-seeschau.de\/en\/rooms-suites\/special-offers\/\" \/>\n<meta property=\"og:locale\" content=\"en_US\" \/>\n<meta property=\"og:type\" content=\"article\" \/>\n<meta property=\"og:title\" content=\"Special offers - Hotel Villa Seeschau \u2013 Meersburg am Bodensee\" \/>\n<meta property=\"og:description\" content=\"Ein Zimmer f\u00fcr zwei mit Safe, einer Schreibm\u00f6glichkeit, einer Espressomaschine, einem komfortablen 1,80m Boxspringbett und Regendusche f\u00fcr entspannende Momente.\" \/>\n<meta property=\"og:url\" content=\"https:\/\/www.hotel-seeschau.de\/en\/rooms-suites\/special-offers\/\" \/>\n<meta property=\"og:site_name\" content=\"Hotel Villa Seeschau \u2013 Meersburg am Bodensee\" \/>\n<meta property=\"article:modified_time\" content=\"2025-02-21T09:39:27+00:00\" \/>\n<meta property=\"og:image\" content=\"https:\/\/www.hotel-seeschau.de\/wp-content\/uploads\/2015\/10\/Bild-5.jpg\" \/>\n\t<meta property=\"og:image:width\" content=\"1000\" \/>\n\t<meta property=\"og:image:height\" content=\"667\" \/>\n\t<meta property=\"og:image:type\" content=\"image\/jpeg\" \/>\n<meta name=\"twitter:card\" content=\"summary_large_image\" \/>\n<meta name=\"twitter:label1\" content=\"Est. reading time\" \/>\n\t<meta name=\"twitter:data1\" content=\"2 minutes\" \/>\n<script type=\"application\/ld+json\" class=\"yoast-schema-graph\">{\"@context\":\"https:\\\/\\\/schema.org\",\"@graph\":[{\"@type\":\"WebPage\",\"@id\":\"https:\\\/\\\/www.hotel-seeschau.de\\\/en\\\/rooms-suites\\\/special-offers\\\/\",\"url\":\"https:\\\/\\\/www.hotel-seeschau.de\\\/en\\\/rooms-suites\\\/special-offers\\\/\",\"name\":\"Special offers - Hotel Villa Seeschau \u2013 Meersburg am Bodensee\",\"isPartOf\":{\"@id\":\"https:\\\/\\\/www.hotel-seeschau.de\\\/#website\"},\"datePublished\":\"2023-01-18T11:34:05+00:00\",\"dateModified\":\"2025-02-21T09:39:27+00:00\",\"description\":\"Ein Zimmer f\u00fcr zwei mit Safe, einer Schreibm\u00f6glichkeit, einer Espressomaschine, einem komfortablen 1,80m Boxspringbett und Regendusche f\u00fcr entspannende Momente.\",\"breadcrumb\":{\"@id\":\"https:\\\/\\\/www.hotel-seeschau.de\\\/en\\\/rooms-suites\\\/special-offers\\\/#breadcrumb\"},\"inLanguage\":\"en-US\",\"potentialAction\":[{\"@type\":\"ReadAction\",\"target\":[\"https:\\\/\\\/www.hotel-seeschau.de\\\/en\\\/rooms-suites\\\/special-offers\\\/\"]}]},{\"@type\":\"BreadcrumbList\",\"@id\":\"https:\\\/\\\/www.hotel-seeschau.de\\\/en\\\/rooms-suites\\\/special-offers\\\/#breadcrumb\",\"itemListElement\":[{\"@type\":\"ListItem\",\"position\":1,\"name\":\"Home\",\"item\":\"https:\\\/\\\/www.hotel-seeschau.de\\\/en\\\/\"},{\"@type\":\"ListItem\",\"position\":2,\"name\":\"Rooms &#038; Suites\",\"item\":\"https:\\\/\\\/www.hotel-seeschau.de\\\/en\\\/rooms-suites\\\/\"},{\"@type\":\"ListItem\",\"position\":3,\"name\":\"Special offers\"}]},{\"@type\":\"WebSite\",\"@id\":\"https:\\\/\\\/www.hotel-seeschau.de\\\/#website\",\"url\":\"https:\\\/\\\/www.hotel-seeschau.de\\\/\",\"name\":\"Hotel Villa Seeschau \u2013 Meersburg am Bodensee\",\"description\":\"Diskret, luxuri\u00f6s, charmant und exklusiv. Mit majest\u00e4tischem Blick \u00fcber den Bodensee, verborgen in einer weitl\u00e4ufigen Parkanlage erf\u00fcllt das Hotel Villa Seeschau h\u00f6chste Anspr\u00fcche.\",\"potentialAction\":[{\"@type\":\"SearchAction\",\"target\":{\"@type\":\"EntryPoint\",\"urlTemplate\":\"https:\\\/\\\/www.hotel-seeschau.de\\\/?s={search_term_string}\"},\"query-input\":{\"@type\":\"PropertyValueSpecification\",\"valueRequired\":true,\"valueName\":\"search_term_string\"}}],\"inLanguage\":\"en-US\"}]}<\/script>\n<!-- \/ Yoast SEO plugin. -->","yoast_head_json":{"title":"Special offers - Hotel Villa Seeschau \u2013 Meersburg am Bodensee","description":"Ein Zimmer f\u00fcr zwei mit Safe, einer Schreibm\u00f6glichkeit, einer Espressomaschine, einem komfortablen 1,80m Boxspringbett und Regendusche f\u00fcr entspannende Momente.","robots":{"index":"index","follow":"follow","max-snippet":"max-snippet:-1","max-image-preview":"max-image-preview:large","max-video-preview":"max-video-preview:-1"},"canonical":"https:\/\/www.hotel-seeschau.de\/en\/rooms-suites\/special-offers\/","og_locale":"en_US","og_type":"article","og_title":"Special offers - Hotel Villa Seeschau \u2013 Meersburg am Bodensee","og_description":"Ein Zimmer f\u00fcr zwei mit Safe, einer Schreibm\u00f6glichkeit, einer Espressomaschine, einem komfortablen 1,80m Boxspringbett und Regendusche f\u00fcr entspannende Momente.","og_url":"https:\/\/www.hotel-seeschau.de\/en\/rooms-suites\/special-offers\/","og_site_name":"Hotel Villa Seeschau \u2013 Meersburg am Bodensee","article_modified_time":"2025-02-21T09:39:27+00:00","og_image":[{"width":1000,"height":667,"url":"https:\/\/www.hotel-seeschau.de\/wp-content\/uploads\/2015\/10\/Bild-5.jpg","type":"image\/jpeg"}],"twitter_card":"summary_large_image","twitter_misc":{"Est. reading time":"2 minutes"},"schema":{"@context":"https:\/\/schema.org","@graph":[{"@type":"WebPage","@id":"https:\/\/www.hotel-seeschau.de\/en\/rooms-suites\/special-offers\/","url":"https:\/\/www.hotel-seeschau.de\/en\/rooms-suites\/special-offers\/","name":"Special offers - Hotel Villa Seeschau \u2013 Meersburg am Bodensee","isPartOf":{"@id":"https:\/\/www.hotel-seeschau.de\/#website"},"datePublished":"2023-01-18T11:34:05+00:00","dateModified":"2025-02-21T09:39:27+00:00","description":"Ein Zimmer f\u00fcr zwei mit Safe, einer Schreibm\u00f6glichkeit, einer Espressomaschine, einem komfortablen 1,80m Boxspringbett und Regendusche f\u00fcr entspannende Momente.","breadcrumb":{"@id":"https:\/\/www.hotel-seeschau.de\/en\/rooms-suites\/special-offers\/#breadcrumb"},"inLanguage":"en-US","potentialAction":[{"@type":"ReadAction","target":["https:\/\/www.hotel-seeschau.de\/en\/rooms-suites\/special-offers\/"]}]},{"@type":"BreadcrumbList","@id":"https:\/\/www.hotel-seeschau.de\/en\/rooms-suites\/special-offers\/#breadcrumb","itemListElement":[{"@type":"ListItem","position":1,"name":"Home","item":"https:\/\/www.hotel-seeschau.de\/en\/"},{"@type":"ListItem","position":2,"name":"Rooms &#038; Suites","item":"https:\/\/www.hotel-seeschau.de\/en\/rooms-suites\/"},{"@type":"ListItem","position":3,"name":"Special offers"}]},{"@type":"WebSite","@id":"https:\/\/www.hotel-seeschau.de\/#website","url":"https:\/\/www.hotel-seeschau.de\/","name":"Hotel Villa Seeschau \u2013 Meersburg am Bodensee","description":"Diskret, luxuri\u00f6s, charmant und exklusiv. Mit majest\u00e4tischem Blick \u00fcber den Bodensee, verborgen in einer weitl\u00e4ufigen Parkanlage erf\u00fcllt das Hotel Villa Seeschau h\u00f6chste Anspr\u00fcche.","potentialAction":[{"@type":"SearchAction","target":{"@type":"EntryPoint","urlTemplate":"https:\/\/www.hotel-seeschau.de\/?s={search_term_string}"},"query-input":{"@type":"PropertyValueSpecification","valueRequired":true,"valueName":"search_term_string"}}],"inLanguage":"en-US"}]}},"_links":{"self":[{"href":"https:\/\/www.hotel-seeschau.de\/en\/wp-json\/wp\/v2\/pages\/1592","targetHints":{"allow":["GET"]}}],"collection":[{"href":"https:\/\/www.hotel-seeschau.de\/en\/wp-json\/wp\/v2\/pages"}],"about":[{"href":"https:\/\/www.hotel-seeschau.de\/en\/wp-json\/wp\/v2\/types\/page"}],"author":[{"embeddable":true,"href":"https:\/\/www.hotel-seeschau.de\/en\/wp-json\/wp\/v2\/users\/1"}],"replies":[{"embeddable":true,"href":"https:\/\/www.hotel-seeschau.de\/en\/wp-json\/wp\/v2\/comments?post=1592"}],"version-history":[{"count":10,"href":"https:\/\/www.hotel-seeschau.de\/en\/wp-json\/wp\/v2\/pages\/1592\/revisions"}],"predecessor-version":[{"id":1886,"href":"https:\/\/www.hotel-seeschau.de\/en\/wp-json\/wp\/v2\/pages\/1592\/revisions\/1886"}],"up":[{"embeddable":true,"href":"https:\/\/www.hotel-seeschau.de\/en\/wp-json\/wp\/v2\/pages\/554"}],"wp:attachment":[{"href":"https:\/\/www.hotel-seeschau.de\/en\/wp-json\/wp\/v2\/media?parent=1592"}],"curies":[{"name":"wp","href":"https:\/\/api.w.org\/{rel}","templated":true}]}}